{"id":822,"date":"2021-02-16T16:28:22","date_gmt":"2021-02-16T21:28:22","guid":{"rendered":"https:\/\/damyandpat.com\/fr\/?page_id=822"},"modified":"2026-04-07T08:42:11","modified_gmt":"2026-04-07T12:42:11","slug":"carriere","status":"publish","type":"page","link":"https:\/\/damyandpat.com\/fr\/carriere\/","title":{"rendered":"CARRI\u00c8RE"},"content":{"rendered":"<div class=\"wpb-content-wrapper\">[vc_row full_width=\u00a0\u00bbstretch_row_content_no_spaces\u00a0\u00bb el_class=\u00a0\u00bbabout-slider\u00a0\u00bb][vc_column][vc_single_image image=\u00a0\u00bb844&Prime; img_size=\u00a0\u00bbfull\u00a0\u00bb alignment=\u00a0\u00bbcenter\u00a0\u00bb][vc_single_image image=\u00a0\u00bb323&Prime; img_size=\u00a0\u00bbfull\u00a0\u00bb alignment=\u00a0\u00bbcenter\u00a0\u00bb onclick=\u00a0\u00bbcustom_link\u00a0\u00bb link=\u00a0\u00bbhttp:\/\/damyandpat.com\u00a0\u00bb el_class=\u00a0\u00bbmain-logo\u00a0\u00bb][vc_single_image image=\u00a0\u00bb324&Prime; img_size=\u00a0\u00bbfull\u00a0\u00bb alignment=\u00a0\u00bbcenter\u00a0\u00bb onclick=\u00a0\u00bbcustom_link\u00a0\u00bb el_class=\u00a0\u00bbchevron\u00a0\u00bb link=\u00a0\u00bb#all-in-one\u00a0\u00bb][\/vc_column][\/vc_row][vc_row full_width=\u00a0\u00bbstretch_row\u00a0\u00bb][vc_column]<div class='gambit_parallax_row topo-parallax' data-bg-align='' data-direction='down' data-opacity='100' data-velocity='-0.5' data-mobile-enabled='' data-bg-height='1600' data-bg-width='1600' data-bg-image='https:\/\/damyandpat.com\/wp-content\/uploads\/2017\/04\/bg-topo3.png' data-bg-repeat='true' data-id='' style='display: none'><\/div>[vc_row_inner el_id=\u00a0\u00bball-in-one\u00a0\u00bb el_class=\u00a0\u00bball-in-one\u00a0\u00bb][vc_column_inner][vc_column_text el_class=\u00a0\u00bbfeuille-noire\u00a0\u00bb]\n<h2 style=\"text-align: center;\">Carri\u00e8re<\/h2>\n[\/vc_column_text][vc_column_text el_class=\u00a0\u00bbcentered-para\u00a0\u00bb]\n<p style=\"text-align: center;\">Damy &amp; Pat Landscaping est dans le secteur de l&rsquo;entretien paysager depuis 1954. Nous recherchons des hommes et des femmes motiv\u00e9s pour rejoindre notre \u00e9quipe.<\/p>\n[\/vc_column_text][\/vc_column_inner][\/vc_row_inner][vc_row_inner el_class=\u00a0\u00bbservices-container\u00a0\u00bb el_id=\u00a0\u00bblandscaping\u00a0\u00bb][vc_column_inner el_class=\u00a0\u00bbtitle-part\u00a0\u00bb width=\u00a0\u00bb5\/12&Prime;][vc_column_text css_animation=\u00a0\u00bbleft-to-right\u00a0\u00bb el_class=\u00a0\u00bbtitle\u00a0\u00bb]Valeurs fondamentales[\/vc_column_text][\/vc_column_inner][vc_column_inner el_class=\u00a0\u00bbdescript-part\u00a0\u00bb width=\u00a0\u00bb5\/12&Prime;][vc_column_text]<strong>Passion<\/strong><br \/>\nNous sommes anim\u00e9s par la passion et l&rsquo;optimisme. Nous visons constamment \u00e0 grandir, en tant qu&rsquo;individus et en tant qu&rsquo;entreprise.<\/p>\n<p><strong>Travail en \u00e9quipe<\/strong><br \/>\nNous traitons les membres de notre \u00e9quipe, nos clients, nos partenaires et nos fournisseurs avec un respect mutuel et appr\u00e9cions leurs contributions.<\/p>\n<p><strong>Qualit\u00e9<\/strong><br \/>\nMaintenir des normes rigoureuses dans tout ce que nous faisons et toujours essayez d&rsquo;aller au del\u00e0 des attentes.<\/p>\n<p><strong>Expertise et exp\u00e9rience<\/strong><br \/>\nNous sommes fiers de notre \u00e9quipe de personnel diversifi\u00e9 et comp\u00e9tent et nous souhaitons cr\u00e9er une r\u00e9putation o\u00f9 nous sommes reconnus pour notre expertise.<\/p>\n<p><strong>Attitude<\/strong><br \/>\nNous sommes positifs, ax\u00e9s sur les solutions et les r\u00e9sultats.[\/vc_column_text][\/vc_column_inner][\/vc_row_inner][vc_row_inner el_class=\u00a0\u00bbservices-container\u00a0\u00bb el_id=\u00a0\u00bbdesign\u00a0\u00bb][vc_column_inner el_class=\u00a0\u00bbtitle-part\u00a0\u00bb width=\u00a0\u00bb5\/12&Prime;][vc_column_text css_animation=\u00a0\u00bbleft-to-right\u00a0\u00bb el_class=\u00a0\u00bbtitle\u00a0\u00bb]Avantages sociaux[\/vc_column_text][\/vc_column_inner][vc_column_inner el_class=\u00a0\u00bbdescript-part\u00a0\u00bb width=\u00a0\u00bb5\/12&Prime;][vc_column_text]\n<ul>\n<li>Uniformes de travail de qualit\u00e9<\/li>\n<li>\u00c9quipement de s\u00e9curit\u00e9 pour tous les \u00e9quipements et machines<\/li>\n<li>Un salaire comp\u00e9titif<\/li>\n<\/ul>\n[\/vc_column_text][\/vc_column_inner][\/vc_row_inner][vc_column_text el_class=\u00a0\u00bbears\u00a0\u00bb css=\u00a0\u00bb.vc_custom_1613765667308{margin-top: 15% !important;}\u00a0\u00bb]\n<p style=\"text-align: center;\">\u00c0 la recherche d&rsquo;un emploi?<\/p>\n[\/vc_column_text][vc_column_text el_class=\u00a0\u00bbears-para\u00a0\u00bb]\n<p style=\"text-align: center;\">Damy and Pat est toujours \u00e0 la recherche des bonnes personnes. Vous \u00eates passionn\u00e9s d&rsquo;am\u00e9nagement paysager et avez de l&rsquo;exp\u00e9rience dans le domaine? Nous serions ravis de tout savoir sur vous!<\/p>\n[\/vc_column_text][vc_row_inner css=\u00a0\u00bb.vc_custom_1613765761629{margin-top: 10% !important;margin-bottom: 10% !important;}\u00a0\u00bb][vc_column_inner el_class=\u00a0\u00bbcareer-single\u00a0\u00bb width=\u00a0\u00bb1\/2&Prime;][vc_column_text]\n<h5>Journalier en paysagement<\/h5>\n<p>Le journalier en paysagement charg\u00e9 d&rsquo;ex\u00e9cuter diverses t\u00e2ches (g\u00e9n\u00e9ralement du travail physique) pour aider \u00e0 l&rsquo;ach\u00e8vement des projets de construction paysag\u00e8re.[\/vc_column_text][vc_btn title=\u00a0\u00bbEN SAVOIR PLUS\u00a0\u00bb style=\u00a0\u00bbflat\u00a0\u00bb shape=\u00a0\u00bbsquare\u00a0\u00bb align=\u00a0\u00bbleft\u00a0\u00bb el_class=\u00a0\u00bbbtn-custom-vert\u00a0\u00bb link=\u00a0\u00bburl:https%3A%2F%2Fca.indeed.com%2Fjobs%3Fq%3Ddamy%26l%3DMontr%25C3%25A9al%252C%2520QC%26vjk%3D343395b9f969074d||target:%20_blank|\u00a0\u00bb][\/vc_column_inner][vc_column_inner el_class=\u00a0\u00bbcareer-single\u00a0\u00bb width=\u00a0\u00bb1\/2&Prime;][vc_column_text]\n<h5><strong>Ouvrier d&rsquo;entretient des terrains<\/strong><\/h5>\n<p>L&rsquo;ouvrier d&rsquo;entretien est charg\u00e9 d&rsquo;effectuer diverses t\u00e2ches afin de mener \u00e0 bien les contrats de service d&rsquo;entretien des terrains, et il devra utiliser divers outils et \u00e9quipements pour effectuer les t\u00e2ches sp\u00e9cifi\u00e9es.[\/vc_column_text][vc_btn title=\u00a0\u00bbEN SAVOIR PLUS\u00a0\u00bb style=\u00a0\u00bbflat\u00a0\u00bb shape=\u00a0\u00bbsquare\u00a0\u00bb align=\u00a0\u00bbleft\u00a0\u00bb el_class=\u00a0\u00bbbtn-custom-vert\u00a0\u00bb link=\u00a0\u00bburl:https%3A%2F%2Fca.indeed.com%2Fjobs%3Fq%3Ddamy%26l%3DMontr%25C3%25A9al%252C%2520QC%26vjk%3D131b28ee151206b3%26advn%3D2050253442278414||target:%20_blank|\u00a0\u00bb][\/vc_column_inner][\/vc_row_inner][vc_row_inner css=\u00a0\u00bb.vc_custom_1613765761629{margin-top: 10% !important;margin-bottom: 10% !important;}\u00a0\u00bb][vc_column_inner el_class=\u00a0\u00bbcareer-single\u00a0\u00bb width=\u00a0\u00bb1\/2&Prime;][vc_column_text]\n<h5>Concepteur paysagiste<\/h5>\n<p>Le concepteur paysagiste est charg\u00e9 de pr\u00e9parer des solutions de conception paysag\u00e8re pr\u00e9cises et cr\u00e9atives pour s&rsquo;adapter \u00e0 une vari\u00e9t\u00e9 de conditions de site et aux pr\u00e9f\u00e9rences des clients.<\/p>\n<p><strong>SVP remplir le formulaire ci-bas<\/strong>.[\/vc_column_text][\/vc_column_inner][vc_column_inner width=\u00a0\u00bb1\/2&Prime;][\/vc_column_inner][\/vc_row_inner][vc_row_inner el_class=\u00a0\u00bbcontact-row\u00a0\u00bb css=\u00a0\u00bb.vc_custom_1613765778527{margin-top: 10% !important;}\u00a0\u00bb][vc_column_inner][vc_column_text css=\u00a0\u00bb.vc_custom_1613765663591{margin-top: 15% !important;}\u00a0\u00bb]\n<p style=\"text-align: center;\"><strong>Veuillez remplir notre formulaire de pr\u00e9-entretien.<\/strong><\/p>\n[\/vc_column_text]\n                <div class='gf_browser_gecko gform_wrapper' id='gform_wrapper_4' ><a id='gf_4' name='gf_4' class='gform_anchor' ><\/a><form method='post' enctype='multipart\/form-data' target='gform_ajax_frame_4' id='gform_4'  action='\/fr\/wp-json\/wp\/v2\/pages\/822#gf_4'>\n                        <div class='gform_body'><ul id='gform_fields_4' class='gform_fields top_label form_sublabel_below description_below'><li id='field_4_1' class='gfield gf_left_third gfield_contains_required field_sublabel_below field_description_below hidden_label' ><label class='gfield_label' for='input_4_1' >Nom<span class='gfield_required'>*<\/span><\/label><div class='ginput_container'><input name='input_1' id='input_4_1' type='text' value='' class='medium'  tabindex='1'  placeholder='Nom' \/><\/div><\/li><li id='field_4_11' class='gfield gf_middle_third gfield_contains_required field_sublabel_below field_description_below hidden_label' ><label class='gfield_label' for='input_4_11' >Courriel<span class='gfield_required'>*<\/span><\/label><div class='ginput_container'>\n                            <input name='input_11' id='input_4_11' type='email' value='' class='medium' tabindex='2'   placeholder='Courriel'\/>\n                        <\/div><\/li><li id='field_4_3' class='gfield gf_right_third field_sublabel_below field_description_below hidden_label' ><label class='gfield_label' for='input_4_3' >Poste recherch\u00e9<\/label><div class='ginput_container'><input name='input_3' id='input_4_3' type='text' value='' class='medium'  tabindex='3'  placeholder='Poste recherch\u00e9' \/><\/div><\/li><li id='field_4_10' class='gfield gfield_html gfield_html_formatted gfield_no_follows_desc field_sublabel_below field_description_below' ><br\/><\/li><li id='field_4_4' class='gfield gf_left_half gfield_contains_required field_sublabel_below field_description_below hidden_label' ><label class='gfield_label' for='input_4_4' >1. Describe any education or formal job training that you possess that relates to this position.<span class='gfield_required'>*<\/span><\/label><div class='ginput_container'>\n\t\t\t\t\t<textarea name='input_4' id='input_4_4' class='textarea medium' tabindex='4'  placeholder='1. D\u00e9crivez toute \u00e9ducation ou formation professionnelle que vous poss\u00e9dez en rapport avec ce poste.'  rows='10' cols='50'><\/textarea>\n\t\t\t\t<\/div><\/li><li id='field_4_5' class='gfield gf_right_half gfield_contains_required field_sublabel_below field_description_below hidden_label' ><label class='gfield_label' for='input_4_5' >2. What skills have you gained and developed in your educational or work experience that relate to this position?<span class='gfield_required'>*<\/span><\/label><div class='ginput_container'>\n\t\t\t\t\t<textarea name='input_5' id='input_4_5' class='textarea medium' tabindex='5'  placeholder='2. Quelles comp\u00e9tences avez-vous acquises et d\u00e9velopp\u00e9es au cours de vos \u00e9tudes ou de votre exp\u00e9rience de travail en rapport avec ce poste?'  rows='10' cols='50'><\/textarea>\n\t\t\t\t<\/div><\/li><li id='field_4_6' class='gfield gf_left_half gfield_contains_required field_sublabel_below field_description_below hidden_label' ><label class='gfield_label' for='input_4_6' >3. From your two most recent jobs, what duties and responsibilities most closely match those described for this position?<span class='gfield_required'>*<\/span><\/label><div class='ginput_container'>\n\t\t\t\t\t<textarea name='input_6' id='input_4_6' class='textarea medium' tabindex='6'  placeholder='3. De vos deux emplois les plus r\u00e9cents, quelles fonctions et responsabilit\u00e9s correspondent le plus \u00e0 celles d\u00e9crites pour ce poste?'  rows='10' cols='50'><\/textarea>\n\t\t\t\t<\/div><\/li><li id='field_4_7' class='gfield gf_right_half gfield_contains_required field_sublabel_below field_description_below hidden_label' ><label class='gfield_label' for='input_4_7' >4. What tools, equipment, or other resources have you used in the past that relate to this position?<span class='gfield_required'>*<\/span><\/label><div class='ginput_container'>\n\t\t\t\t\t<textarea name='input_7' id='input_4_7' class='textarea medium' tabindex='7'  placeholder='4. Quels outils, \u00e9quipements ou autres ressources avez-vous utilis\u00e9s dans le pass\u00e9 reli\u00e9 ce poste?'  rows='10' cols='50'><\/textarea>\n\t\t\t\t<\/div><\/li><li id='field_4_8' class='gfield gf_left_half gfield_contains_required field_sublabel_below field_description_below hidden_label' ><label class='gfield_label' for='input_4_8' >5. Where did you find the job posting for this position and what interested you most about it?<span class='gfield_required'>*<\/span><\/label><div class='ginput_container'>\n\t\t\t\t\t<textarea name='input_8' id='input_4_8' class='textarea medium' tabindex='8'  placeholder='5. O\u00f9 avez-vous trouv\u00e9 l&#039;offre d&#039;emploi pour ce poste et qu&#039;est-ce qui vous a le plus int\u00e9ress\u00e9?'  rows='10' cols='50'><\/textarea>\n\t\t\t\t<\/div><\/li><li id='field_4_9' class='gfield gf_right_half gfield_contains_required field_sublabel_below field_description_below hidden_label' ><label class='gfield_label' for='input_4_9' >6. What personal qualities do you possess that would ensure your success in this position?<span class='gfield_required'>*<\/span><\/label><div class='ginput_container'>\n\t\t\t\t\t<textarea name='input_9' id='input_4_9' class='textarea medium' tabindex='9'  placeholder='6. Quelles qualit\u00e9s personnelles poss\u00e9dez-vous pour assurer votre succ\u00e8s dans ce poste?'  rows='10' cols='50'><\/textarea>\n\t\t\t\t<\/div><\/li>\n                            <\/ul><\/div>\n        <div class='gform_footer top_label'> <input type='submit' id='gform_submit_button_4' class='gform_button button' value='ENVOYER' tabindex='10' onclick='if(window[\"gf_submitting_4\"]){return false;}  if( !jQuery(\"#gform_4\")[0].checkValidity || jQuery(\"#gform_4\")[0].checkValidity()){window[\"gf_submitting_4\"]=true;}  ' \/> <input type='hidden' name='gform_ajax' value='form_id=4&amp;title=&amp;description=&amp;tabindex=1' \/>\n            <input type='hidden' class='gform_hidden' name='is_submit_4' value='1' \/>\n            <input type='hidden' class='gform_hidden' name='gform_submit' value='4' \/>\n            \n            <input type='hidden' class='gform_hidden' name='gform_unique_id' value='' \/>\n            <input type='hidden' class='gform_hidden' name='state_4' value='WyJbXSIsIjRiNjhlODNlOTBiMGM3NGNmYjhiNjQxY2ZmZDVmZTA0Il0=' \/>\n            <input type='hidden' class='gform_hidden' name='gform_target_page_number_4' id='gform_target_page_number_4' value='0' \/>\n            <input type='hidden' class='gform_hidden' name='gform_source_page_number_4' id='gform_source_page_number_4' value='1' \/>\n            <input type='hidden' name='gform_field_values' value='' \/>\n            \n        <\/div>\n                        <p style=\"display: none !important;\" class=\"akismet-fields-container\" data-prefix=\"ak_\"><label>&#916;<textarea name=\"ak_hp_textarea\" cols=\"45\" rows=\"8\" maxlength=\"100\"><\/textarea><\/label><input type=\"hidden\" id=\"ak_js_1\" name=\"ak_js\" value=\"241\"\/><script type=\"text\/javascript\">\n\/* <![CDATA[ *\/\ndocument.getElementById( \"ak_js_1\" ).setAttribute( \"value\", ( new Date() ).getTime() );\n\/* ]]> *\/\n<\/script>\n<\/p><\/form>\n                        <\/div>\n                <iframe style='display:none;width:0px;height:0px;' src='about:blank' name='gform_ajax_frame_4' id='gform_ajax_frame_4'><\/iframe>\n                <script type='text\/javascript'>jQuery(document).ready(function($){gformInitSpinner( 4, 'https:\/\/damyandpat.com\/wp-content\/plugins\/gravityforms_1.9.0.1\/images\/spinner.gif' );jQuery('#gform_ajax_frame_4').load( function(){var contents = jQuery(this).contents().find('*').html();var is_postback = contents.indexOf('GF_AJAX_POSTBACK') >= 0;if(!is_postback){return;}var form_content = jQuery(this).contents().find('#gform_wrapper_4');var is_confirmation = jQuery(this).contents().find('#gform_confirmation_wrapper_4').length > 0;var is_redirect = contents.indexOf('gformRedirect(){') >= 0;var is_form = form_content.length > 0 && ! is_redirect && ! is_confirmation;if(is_form){jQuery('#gform_wrapper_4').html(form_content.html());jQuery(document).scrollTop(jQuery('#gform_wrapper_4').offset().top);if(window['gformInitDatepicker']) {gformInitDatepicker();}if(window['gformInitPriceFields']) {gformInitPriceFields();}var current_page = jQuery('#gform_source_page_number_4').val();gformInitSpinner( 4, 'https:\/\/damyandpat.com\/wp-content\/plugins\/gravityforms_1.9.0.1\/images\/spinner.gif' );jQuery(document).trigger('gform_page_loaded', [4, current_page]);window['gf_submitting_4'] = false;}else if(!is_redirect){var confirmation_content = jQuery(this).contents().find('#gforms_confirmation_message_4').html();if(!confirmation_content){confirmation_content = contents;}setTimeout(function(){jQuery('#gform_wrapper_4').replaceWith('<' + 'div id=\\'gforms_confirmation_message_4\\' class=\\'gform_confirmation_message_4 gforms_confirmation_message\\'' + '>' + confirmation_content + '<' + '\/div' + '>');jQuery(document).scrollTop(jQuery('#gforms_confirmation_message_4').offset().top);jQuery(document).trigger('gform_confirmation_loaded', [4]);window['gf_submitting_4'] = false;}, 50);}else{jQuery('#gform_4').append(contents);if(window['gformRedirect']) {gformRedirect();}}jQuery(document).trigger('gform_post_render', [4, current_page]);} );} );<\/script><script type='text\/javascript'> if(typeof gf_global == 'undefined') var gf_global = {\"gf_currency_config\":{\"name\":\"Dollar US\",\"symbol_left\":\"$\",\"symbol_right\":\"\",\"symbol_padding\":\"\",\"thousand_separator\":\",\",\"decimal_separator\":\".\",\"decimals\":2},\"base_url\":\"https:\\\/\\\/damyandpat.com\\\/wp-content\\\/plugins\\\/gravityforms_1.9.0.1\",\"number_formats\":[],\"spinnerUrl\":\"https:\\\/\\\/damyandpat.com\\\/wp-content\\\/plugins\\\/gravityforms_1.9.0.1\\\/images\\\/spinner.gif\"};jQuery(document).bind('gform_post_render', function(event, formId, currentPage){if(formId == 4) {if(typeof Placeholders != 'undefined'){\n                        Placeholders.enable();\n                    }} } );jQuery(document).bind('gform_post_conditional_logic', function(event, formId, fields, isInit){} );<\/script><script type='text\/javascript'> jQuery(document).ready(function(){jQuery(document).trigger('gform_post_render', [4, 1]) } ); <\/script>[\/vc_column_inner][\/vc_row_inner][\/vc_column][\/vc_row]\n<\/div>","protected":false},"excerpt":{"rendered":"<p>[vc_row full_width=\u00a0\u00bbstretch_row_content_no_spaces\u00a0\u00bb el_class=\u00a0\u00bbabout-slider\u00a0\u00bb][vc_column][vc_single_image image=\u00a0\u00bb844&Prime; img_size=\u00a0\u00bbfull\u00a0\u00bb alignment=\u00a0\u00bbcenter\u00a0\u00bb][vc_single_image image=\u00a0\u00bb323&Prime; img_size=\u00a0\u00bbfull\u00a0\u00bb alignment=\u00a0\u00bbcenter\u00a0\u00bb onclick=\u00a0\u00bbcustom_link\u00a0\u00bb link=\u00a0\u00bbhttp:\/\/damyandpat.com\u00a0\u00bb el_class=\u00a0\u00bbmain-logo\u00a0\u00bb][vc_single_image image=\u00a0\u00bb324&Prime; img_size=\u00a0\u00bbfull\u00a0\u00bb alignment=\u00a0\u00bbcenter\u00a0\u00bb onclick=\u00a0\u00bbcustom_link\u00a0\u00bb el_class=\u00a0\u00bbchevron\u00a0\u00bb link=\u00a0\u00bb#all-in-one\u00a0\u00bb][\/vc_column][\/vc_row][vc_row full_width=\u00a0\u00bbstretch_row\u00a0\u00bb][vc_column][vc_row_inner el_id=\u00a0\u00bball-in-one\u00a0\u00bb el_class=\u00a0\u00bball-in-one\u00a0\u00bb][vc_column_inner][vc_column_text el_class=\u00a0\u00bbfeuille-noire\u00a0\u00bb] Carri\u00e8re [\/vc_column_text][vc_column_text el_class=\u00a0\u00bbcentered-para\u00a0\u00bb] Damy &amp; Pat Landscaping est dans le secteur de l&rsquo;entretien paysager depuis 1954. Nous recherchons des hommes et des femmes motiv\u00e9s pour rejoindre notre \u00e9quipe. [\/vc_column_text][\/vc_column_inner][\/vc_row_inner][vc_row_inner el_class=\u00a0\u00bbservices-container\u00a0\u00bb el_id=\u00a0\u00bblandscaping\u00a0\u00bb][vc_column_inner el_class=\u00a0\u00bbtitle-part\u00a0\u00bb width=\u00a0\u00bb5\/12&Prime;][vc_column_text css_animation=\u00a0\u00bbleft-to-right\u00a0\u00bb el_class=\u00a0\u00bbtitle\u00a0\u00bb]Valeurs fondamentales[\/vc_column_text][\/vc_column_inner][vc_column_inner el_class=\u00a0\u00bbdescript-part\u00a0\u00bb width=\u00a0\u00bb5\/12&Prime;][vc_column_text]Passion &#8230;<\/p>\n","protected":false},"author":2,"featured_media":0,"parent":0,"menu_order":0,"comment_status":"closed","ping_status":"closed","template":"template-blank-1.php","meta":{"_seopress_robots_primary_cat":"","_seopress_titles_title":"Faire carri\u00e8re en am\u00e9nagement paysager | Damy & Pat","_seopress_titles_desc":"Damy & Pat est dans le secteur de l'am\u00e9nagement paysager depuis 1954. Nous recherchons des hommes et des femmes motiv\u00e9s pour rejoindre notre \u00e9quipe.","_seopress_robots_index":"","footnotes":""},"class_list":["post-822","page","type-page","status-publish","hentry","no-post-thumbnail"],"_links":{"self":[{"href":"https:\/\/damyandpat.com\/fr\/wp-json\/wp\/v2\/pages\/822","targetHints":{"allow":["GET"]}}],"collection":[{"href":"https:\/\/damyandpat.com\/fr\/wp-json\/wp\/v2\/pages"}],"about":[{"href":"https:\/\/damyandpat.com\/fr\/wp-json\/wp\/v2\/types\/page"}],"author":[{"embeddable":true,"href":"https:\/\/damyandpat.com\/fr\/wp-json\/wp\/v2\/users\/2"}],"replies":[{"embeddable":true,"href":"https:\/\/damyandpat.com\/fr\/wp-json\/wp\/v2\/comments?post=822"}],"version-history":[{"count":11,"href":"https:\/\/damyandpat.com\/fr\/wp-json\/wp\/v2\/pages\/822\/revisions"}],"predecessor-version":[{"id":1425,"href":"https:\/\/damyandpat.com\/fr\/wp-json\/wp\/v2\/pages\/822\/revisions\/1425"}],"wp:attachment":[{"href":"https:\/\/damyandpat.com\/fr\/wp-json\/wp\/v2\/media?parent=822"}],"curies":[{"name":"wp","href":"https:\/\/api.w.org\/{rel}","templated":true}]}}