{"id":648,"date":"2019-12-16T12:28:27","date_gmt":"2019-12-16T17:28:27","guid":{"rendered":"https:\/\/damyandpat.com\/fr\/?page_id=648"},"modified":"2026-04-07T08:55:28","modified_gmt":"2026-04-07T12:55:28","slug":"stationnements-chauffants","status":"publish","type":"page","link":"https:\/\/damyandpat.com\/fr\/stationnements-chauffants\/","title":{"rendered":"Stationnements Chauffants"},"content":{"rendered":"<div class=\"wpb-content-wrapper\">[vc_row full_width=\u00a0\u00bbstretch_row_content_no_spaces\u00a0\u00bb el_class=\u00a0\u00bbabout-slider\u00a0\u00bb][vc_column]\n\t\t\t<!-- START Heated_FR REVOLUTION SLIDER 6.7.23 --><p class=\"rs-p-wp-fix\"><\/p>\n\t\t\t<rs-module-wrap id=\"rev_slider_9_1_wrapper\" data-source=\"gallery\" style=\"visibility:hidden;background:transparent;padding:0;margin:0px auto;margin-top:0;margin-bottom:0;\">\n\t\t\t\t<rs-module id=\"rev_slider_9_1\" style=\"\" data-version=\"6.7.23\">\n\t\t\t\t\t<rs-slides style=\"overflow: hidden; position: absolute;\">\n\t\t\t\t\t\t<rs-slide style=\"position: absolute;\" data-key=\"rs-11\" data-title=\"Slide\" data-anim=\"adpr:false;\" data-in=\"o:0;\" data-out=\"a:false;\">\n\t\t\t\t\t\t\t<img decoding=\"async\" src=\"\/\/damyandpat.com\/wp-content\/plugins\/revslider\/sr6\/assets\/assets\/dummy.png\" alt=\"Stationnements chauffants\" title=\"damypat_heated_driveways\" width=\"1600\" height=\"823\" class=\"rev-slidebg tp-rs-img rs-lazyload\" data-lazyload=\"\/\/damyandpat.com\/wp-content\/uploads\/2019\/12\/damypat_heated_driveways.jpg\" data-no-retina>\n<!--\n\t\t\t\t\t\t\t--><rs-layer\n\t\t\t\t\t\t\t\tid=\"heated\" \n\t\t\t\t\t\t\t\tclass=\"slider-title-heated\"\n\t\t\t\t\t\t\t\tdata-type=\"text\"\n\t\t\t\t\t\t\t\tdata-color=\"rgba(255,255,255,1)\"\n\t\t\t\t\t\t\t\tdata-rsp_ch=\"on\"\n\t\t\t\t\t\t\t\tdata-xy=\"x:c;xo:1px;y:m;yo:30px;\"\n\t\t\t\t\t\t\t\tdata-text=\"s:40;l:22;fw:600;a:center;\"\n\t\t\t\t\t\t\t\tdata-frame_0=\"y:-50px;\"\n\t\t\t\t\t\t\t\tdata-frame_1=\"e:power2.inOut;st:500;sp:500;\"\n\t\t\t\t\t\t\t\tdata-frame_999=\"e:nothing;st:w;\"\n\t\t\t\t\t\t\t\tstyle=\"z-index:5;font-family:'Hind';text-transform:uppercase;\"\n\t\t\t\t\t\t\t>STATIONNEMENTS CHAUFFANTS \n\t\t\t\t\t\t\t<\/rs-layer><!--\n\n\t\t\t\t\t\t\t--><rs-layer\n\t\t\t\t\t\t\t\tid=\"slider-9-slide-11-layer-2\" \n\t\t\t\t\t\t\t\tclass=\"slider-soustitre-heated\"\n\t\t\t\t\t\t\t\tdata-type=\"text\"\n\t\t\t\t\t\t\t\tdata-color=\"rgba(255,255,255,1)\"\n\t\t\t\t\t\t\t\tdata-rsp_ch=\"on\"\n\t\t\t\t\t\t\t\tdata-xy=\"x:c;y:m;\"\n\t\t\t\t\t\t\t\tdata-text=\"l:22;\"\n\t\t\t\t\t\t\t\tdata-frame_0=\"y:50px;\"\n\t\t\t\t\t\t\t\tdata-frame_1=\"e:power2.inOut;st:500;sp:500;\"\n\t\t\t\t\t\t\t\tdata-frame_999=\"e:nothing;st:w;\"\n\t\t\t\t\t\t\t\tstyle=\"z-index:6;font-family:'Open Sans';\"\n\t\t\t\t\t\t\t>NOUVEAU SERVICE! \n\t\t\t\t\t\t\t<\/rs-layer><!--\n-->\t\t\t\t\t<\/rs-slide>\n\t\t\t\t\t<\/rs-slides>\n\t\t\t\t<\/rs-module>\n\t\t\t\t<script>\n\t\t\t\t\tsetREVStartSize({c: 'rev_slider_9_1',rl:[1240,1240,1240,480],el:[500,500,500,300],gw:[1440,1440,1440,480],gh:[500,500,500,300],type:'hero',justify:'',layout:'fullwidth',mh:\"0\"});if (window.RS_MODULES!==undefined && window.RS_MODULES.modules!==undefined && window.RS_MODULES.modules[\"revslider91\"]!==undefined) {window.RS_MODULES.modules[\"revslider91\"].once = false;window.revapi9 = undefined;if (window.RS_MODULES.checkMinimal!==undefined) window.RS_MODULES.checkMinimal()}\n\t\t\t\t<\/script>\n\t\t\t<\/rs-module-wrap>\n\t\t\t<!-- END REVOLUTION SLIDER -->\n[vc_single_image image=\u00a0\u00bb323&Prime; img_size=\u00a0\u00bbfull\u00a0\u00bb alignment=\u00a0\u00bbcenter\u00a0\u00bb onclick=\u00a0\u00bbcustom_link\u00a0\u00bb link=\u00a0\u00bbhttp:\/\/damyandpat.com\u00a0\u00bb el_class=\u00a0\u00bbmain-logo\u00a0\u00bb][vc_single_image image=\u00a0\u00bb324&Prime; img_size=\u00a0\u00bbfull\u00a0\u00bb alignment=\u00a0\u00bbcenter\u00a0\u00bb onclick=\u00a0\u00bbcustom_link\u00a0\u00bb el_class=\u00a0\u00bbchevron\u00a0\u00bb link=\u00a0\u00bb#all-in-one\u00a0\u00bb][\/vc_column][\/vc_row][vc_row full_width=\u00a0\u00bbstretch_row\u00a0\u00bb][vc_column]<div class='gambit_parallax_row topo-parallax' data-bg-align='' data-direction='down' data-opacity='100' data-velocity='-0.5' data-mobile-enabled='' data-bg-height='1600' data-bg-width='1600' data-bg-image='https:\/\/damyandpat.com\/wp-content\/uploads\/2017\/04\/bg-topo3.png' data-bg-repeat='false' data-id='' style='display: none'><\/div>[vc_row_inner el_id=\u00a0\u00bball-in-one\u00a0\u00bb el_class=\u00a0\u00bball-in-one\u00a0\u00bb css=\u00a0\u00bb.vc_custom_1576517398051{margin-top: 5% !important;}\u00a0\u00bb][vc_column_inner][vc_column_text el_class=\u00a0\u00bbfeuille-noire\u00a0\u00bb]\n<h2 style=\"text-align: center;\">FACILITEZ VOTRE VIE EN HIVER!<\/h2>\n[\/vc_column_text][vc_video link=\u00a0\u00bbhttps:\/\/youtu.be\/z5soqsWUH5c\u00a0\u00bb align=\u00a0\u00bbcenter\u00a0\u00bb css=\u00a0\u00bb.vc_custom_1578313122131{margin-top: 5% !important;margin-bottom: 5% !important;}\u00a0\u00bb][\/vc_column_inner][\/vc_row_inner][vc_row_inner el_class=\u00a0\u00bbservices-container\u00a0\u00bb el_id=\u00a0\u00bblandscaping\u00a0\u00bb][vc_column_inner el_class=\u00a0\u00bbtitle-part\u00a0\u00bb width=\u00a0\u00bb5\/12&Prime;][vc_column_text css_animation=\u00a0\u00bbleft-to-right\u00a0\u00bb el_class=\u00a0\u00bbtitle\u00a0\u00bb]Pratique<br \/>\nComfortable<br \/>\n&amp; S\u00e9curitaire[\/vc_column_text][\/vc_column_inner][vc_column_inner el_class=\u00a0\u00bbdescript-part\u00a0\u00bb width=\u00a0\u00bb5\/12&Prime;][vc_column_text]Nos solutions d\u2019entr\u00e9es et de stationnements chauffants sont parfaites pour d\u00e9fier l\u2019hiver. Plus besoin de d\u00e9neiger ou d\u2019\u00e9tendre du sel qui ab\u00eeme votre pav\u00e9 uni! Gr\u00e2ce \u00e0 ce syst\u00e8me, vous pouvez avoir l\u2019esprit tranquille et vous sentir en toute s\u00e9curit\u00e9. Nos syst\u00e8mes fonctionnent soit au glycol, soit \u00e0 l\u2019\u00e9lectricit\u00e9, selon vos besoins et pr\u00e9f\u00e9rences. Damy &amp; Pat vous offre une solution cl\u00e9 en main d\u2019installation, sans casse-t\u00eate![\/vc_column_text][\/vc_column_inner][\/vc_row_inner][vc_media_grid element_width=\u00a0\u00bb3&Prime; grid_id=\u00a0\u00bbvc_gid:1581629545088-915fdaf8-ba49-3&Prime; include=\u00a0\u00bb640,634,628,630,663,626,636,661&Prime;][\/vc_column][\/vc_row][vc_row full_width=\u00a0\u00bbstretch_row\u00a0\u00bb][vc_column]<div class='gambit_parallax_row topo-parallax' data-bg-align='' data-direction='down' data-opacity='100' data-velocity='-0.5' data-mobile-enabled='' data-bg-height='1600' data-bg-width='1600' data-bg-image='https:\/\/damyandpat.com\/wp-content\/uploads\/2017\/04\/bg-topo3.png' data-bg-repeat='false' data-id='' style='display: none'><\/div>[vc_row_inner el_class=\u00a0\u00bball-in-one\u00a0\u00bb css=\u00a0\u00bb.vc_custom_1576517398051{margin-top: 5% !important;}\u00a0\u00bb][vc_column_inner][vc_column_text el_class=\u00a0\u00bbfeuille-noire\u00a0\u00bb]\n<h2 style=\"text-align: center;\">VOIR EN ACTION<\/h2>\n[\/vc_column_text][vc_video link=\u00a0\u00bbhttps:\/\/youtu.be\/rGyF_TA3s-c\u00a0\u00bb align=\u00a0\u00bbcenter\u00a0\u00bb css=\u00a0\u00bb.vc_custom_1581629607216{margin-top: 5% !important;margin-bottom: 5% !important;}\u00a0\u00bb][\/vc_column_inner][\/vc_row_inner][\/vc_column][\/vc_row][vc_row full_width=\u00a0\u00bbstretch_row\u00a0\u00bb css=\u00a0\u00bb.vc_custom_1492012533194{padding-bottom: 5% !important;background-color: #80c14a !important;}\u00a0\u00bb el_class=\u00a0\u00bbbanner\u00a0\u00bb][vc_column][vc_column_text el_class=\u00a0\u00bbblanc\u00a0\u00bb]\n<h2 style=\"text-align: center;\">Nous r\u00e9alisons vos id\u00e9es<\/h2>\n[\/vc_column_text][vc_column_text el_class=\u00a0\u00bbblanc\u00a0\u00bb]\n<p style=\"text-align: center;\">Parlons de vos projets<\/p>\n[\/vc_column_text][vc_btn title=\u00a0\u00bbCONTACTEZ-NOUS\u00a0\u00bb style=\u00a0\u00bbflat\u00a0\u00bb shape=\u00a0\u00bbsquare\u00a0\u00bb align=\u00a0\u00bbcenter\u00a0\u00bb el_class=\u00a0\u00bbbtn-custom\u00a0\u00bb link=\u00a0\u00bburl:http%3A%2F%2Fdamyandpat.com%2Fcontact%2F|||\u00a0\u00bb][vc_single_image image=\u00a0\u00bb330&Prime; img_size=\u00a0\u00bbfull\u00a0\u00bb alignment=\u00a0\u00bbcenter\u00a0\u00bb el_class=\u00a0\u00bbfeuilles-para-bg\u00a0\u00bb][\/vc_column][\/vc_row]\n<\/div>","protected":false},"excerpt":{"rendered":"<p>[vc_row full_width=\u00a0\u00bbstretch_row_content_no_spaces\u00a0\u00bb el_class=\u00a0\u00bbabout-slider\u00a0\u00bb][vc_column][vc_single_image image=\u00a0\u00bb323&Prime; img_size=\u00a0\u00bbfull\u00a0\u00bb alignment=\u00a0\u00bbcenter\u00a0\u00bb onclick=\u00a0\u00bbcustom_link\u00a0\u00bb link=\u00a0\u00bbhttp:\/\/damyandpat.com\u00a0\u00bb el_class=\u00a0\u00bbmain-logo\u00a0\u00bb][vc_single_image image=\u00a0\u00bb324&Prime; img_size=\u00a0\u00bbfull\u00a0\u00bb alignment=\u00a0\u00bbcenter\u00a0\u00bb onclick=\u00a0\u00bbcustom_link\u00a0\u00bb el_class=\u00a0\u00bbchevron\u00a0\u00bb link=\u00a0\u00bb#all-in-one\u00a0\u00bb][\/vc_column][\/vc_row][vc_row full_width=\u00a0\u00bbstretch_row\u00a0\u00bb][vc_column][vc_row_inner el_id=\u00a0\u00bball-in-one\u00a0\u00bb el_class=\u00a0\u00bball-in-one\u00a0\u00bb css=\u00a0\u00bb.vc_custom_1576517398051{margin-top: 5% !important;}\u00a0\u00bb][vc_column_inner][vc_column_text el_class=\u00a0\u00bbfeuille-noire\u00a0\u00bb] FACILITEZ VOTRE VIE EN HIVER! [\/vc_column_text][vc_video link=\u00a0\u00bbhttps:\/\/youtu.be\/z5soqsWUH5c\u00a0\u00bb align=\u00a0\u00bbcenter\u00a0\u00bb css=\u00a0\u00bb.vc_custom_1578313122131{margin-top: 5% !important;margin-bottom: 5% !important;}\u00a0\u00bb][\/vc_column_inner][\/vc_row_inner][vc_row_inner el_class=\u00a0\u00bbservices-container\u00a0\u00bb el_id=\u00a0\u00bblandscaping\u00a0\u00bb][vc_column_inner el_class=\u00a0\u00bbtitle-part\u00a0\u00bb width=\u00a0\u00bb5\/12&Prime;][vc_column_text css_animation=\u00a0\u00bbleft-to-right\u00a0\u00bb el_class=\u00a0\u00bbtitle\u00a0\u00bb]Pratique Comfortable &amp; S\u00e9curitaire[\/vc_column_text][\/vc_column_inner][vc_column_inner el_class=\u00a0\u00bbdescript-part\u00a0\u00bb width=\u00a0\u00bb5\/12&Prime;][vc_column_text]Nos solutions d\u2019entr\u00e9es et de stationnements chauffants sont parfaites pour d\u00e9fier l\u2019hiver. Plus besoin de &#8230;<\/p>\n","protected":false},"author":2,"featured_media":0,"parent":0,"menu_order":0,"comment_status":"closed","ping_status":"closed","template":"template-blank-1.php","meta":{"_seopress_robots_primary_cat":"","_seopress_titles_title":"Stationnements chauffants | Damy & Pat","_seopress_titles_desc":"Nos solutions d\u2019entr\u00e9es de stationnements chauffants sont parfaites pour d\u00e9fier l\u2019hiver. Plus besoin de d\u00e9neiger ou d\u2019\u00e9tendre du sel qui ab\u00eeme votre pav\u00e9 uni!","_seopress_robots_index":"","footnotes":""},"class_list":["post-648","page","type-page","status-publish","hentry","no-post-thumbnail"],"_links":{"self":[{"href":"https:\/\/damyandpat.com\/fr\/wp-json\/wp\/v2\/pages\/648","targetHints":{"allow":["GET"]}}],"collection":[{"href":"https:\/\/damyandpat.com\/fr\/wp-json\/wp\/v2\/pages"}],"about":[{"href":"https:\/\/damyandpat.com\/fr\/wp-json\/wp\/v2\/types\/page"}],"author":[{"embeddable":true,"href":"https:\/\/damyandpat.com\/fr\/wp-json\/wp\/v2\/users\/2"}],"replies":[{"embeddable":true,"href":"https:\/\/damyandpat.com\/fr\/wp-json\/wp\/v2\/comments?post=648"}],"version-history":[{"count":11,"href":"https:\/\/damyandpat.com\/fr\/wp-json\/wp\/v2\/pages\/648\/revisions"}],"predecessor-version":[{"id":1429,"href":"https:\/\/damyandpat.com\/fr\/wp-json\/wp\/v2\/pages\/648\/revisions\/1429"}],"wp:attachment":[{"href":"https:\/\/damyandpat.com\/fr\/wp-json\/wp\/v2\/media?parent=648"}],"curies":[{"name":"wp","href":"https:\/\/api.w.org\/{rel}","templated":true}]}}