{"id":307,"date":"2017-04-27T10:55:29","date_gmt":"2017-04-27T14:55:29","guid":{"rendered":"http:\/\/damyandpat.com\/fr\/?page_id=307"},"modified":"2026-04-07T08:45:02","modified_gmt":"2026-04-07T12:45:02","slug":"contact","status":"publish","type":"page","link":"https:\/\/damyandpat.com\/fr\/contact\/","title":{"rendered":"Contact"},"content":{"rendered":"<div class=\"wpb-content-wrapper\">[vc_section el_class=\u00a0\u00bbsection-header\u00a0\u00bb][vc_row][vc_column][vc_single_image image=\u00a0\u00bb958&Prime; img_size=\u00a0\u00bbfull\u00a0\u00bb el_class=\u00a0\u00bbfeuille-geante\u00a0\u00bb][\/vc_column][\/vc_row][vc_row][vc_column width=\u00a0\u00bb1\/2&Prime;][vc_column_text]\n<h3>coordonn\u00e9es<\/h3>\n<h1>nous joindre<\/h1>\n<p>6687 St Jacques<br \/>\nMONTR\u00c9AL, QC<br \/>\nH4B 1V3<\/p>\n<p><a href=\"tel:5144892716\">(514) 489 2716<\/a><br \/>\n<a href=\"mailto:INFO@DAMYANDPAT.COM\">INFO@DAMYANDPAT.COM<\/a>[\/vc_column_text][vc_raw_html]JTNDdWwlMjBjbGFzcyUzRCUyMmxpc3RlLXNvY2lhbGUlMjIlM0UlMEElMDklM0NsaSUzRSUzQ2ElMjBocmVmJTNEJTIyaHR0cHMlM0ElMkYlMkZ3d3cuZmFjZWJvb2suY29tJTJGRGFteS1QYXQtMTg3OTQ5MTk5ODk5NzcxOCUyRiUyMiUyMHRhcmdldCUzRCUyMl9ibGFuayUyMiUzRSUzQ2klMjBjbGFzcyUzRCUyMmZhJTIwZmEtZmFjZWJvb2stc3F1YXJlJTIyJTIwYXJpYS1oaWRkZW4lM0QlMjJ0cnVlJTIyJTNFJTNDJTJGaSUzRSUzQyUyRmElM0UlM0MlMkZsaSUzRSUwQSUwOSUzQ2xpJTNFJTNDYSUyMGhyZWYlM0QlMjJodHRwcyUzQSUyRiUyRnd3dy5pbnN0YWdyYW0uY29tJTJGZGFteWFuZHBhdCUyRiUyMiUyMHRhcmdldCUzRCUyMl9ibGFuayUyMiUzRSUzQ2klMjBjbGFzcyUzRCUyMmZhJTIwZmEtaW5zdGFncmFtJTIyJTIwYXJpYS1oaWRkZW4lM0QlMjJ0cnVlJTIyJTNFJTNDJTJGaSUzRSUzQyUyRmElM0UlM0MlMkZsaSUzRSUwQSUwOSUzQ2xpJTNFJTNDYSUyMGhyZWYlM0QlMjJodHRwcyUzQSUyRiUyRnd3dy55b3V0dWJlLmNvbSUyRmNoYW5uZWwlMkZVQ0ItYXUtVTBYYU0xa3pYSWVzc0NIRUElMkZmZWF0dXJlZCUyMiUyMHRhcmdldCUzRCUyMl9ibGFuayUyMiUzRSUzQ2klMjBjbGFzcyUzRCUyMmZhJTIwZmEteW91dHViZS1zcXVhcmUlMjIlMjBhcmlhLWhpZGRlbiUzRCUyMnRydWUlMjIlM0UlM0MlMkZpJTNFJTNDJTJGYSUzRSUzQyUyRmxpJTNFJTBBJTNDbGklM0UlM0NhJTIwaHJlZiUzRCUyMmh0dHBzJTNBJTJGJTJGd3d3LmhvdXp6LmNvbSUyRnByb2Zlc3Npb25hbHMlMkZsYW5kc2NhcGUtYXJjaGl0ZWN0cy1hbmQtbGFuZHNjYXBlLWRlc2lnbmVycyUyRmRhbXktYW5kLXBhdC1wZnZ3dXMtcGZ+NjkwMzkxNjUxJTIyJTIwdGFyZ2V0JTNEJTIyX2JsYW5rJTIyJTNFJTNDaSUyMGNsYXNzJTNEJTIyZmElMjBmYS1ob3V6eiUyMiUyMGFyaWEtaGlkZGVuJTNEJTIydHJ1ZSUyMiUzRSUzQyUyRmklM0UlM0MlMkZhJTNFJTNDJTJGbGklM0UlMEElM0MlMkZ1bCUzRQ==[\/vc_raw_html][vc_column_text]\n<h3>territoire<\/h3>\n<h1>r\u00e9gions\u00a0 dans lesquelles nous travaillons<\/h1>\n<ul>\n<li>Notre-dame-de-gr\u00e2ce<\/li>\n<li>c\u00f4te-st-luc<\/li>\n<li>HAMPSTEAD<\/li>\n<li>WESTMOUNT<\/li>\n<li>VILLE SAINT- LAURENT<\/li>\n<li>LACHINE<\/li>\n<li>WESTISLAND<\/li>\n<\/ul>\n[\/vc_column_text][\/vc_column][vc_column width=\u00a0\u00bb1\/2&Prime;][vc_single_image image=\u00a0\u00bb990&Prime; img_size=\u00a0\u00bbfull\u00a0\u00bb][vc_row_inner][vc_column_inner width=\u00a0\u00bb1\/3&Prime;][vc_single_image image=\u00a0\u00bb994&Prime; img_size=\u00a0\u00bbfull\u00a0\u00bb][\/vc_column_inner][vc_column_inner width=\u00a0\u00bb1\/3&Prime;][vc_single_image image=\u00a0\u00bb996&Prime; img_size=\u00a0\u00bbfull\u00a0\u00bb][\/vc_column_inner][vc_column_inner width=\u00a0\u00bb1\/3&Prime;][vc_single_image image=\u00a0\u00bb992&Prime; img_size=\u00a0\u00bbfull\u00a0\u00bb][\/vc_column_inner][\/vc_row_inner][vc_column_text el_class=\u00a0\u00bbdescription\u00a0\u00bb]\n<p style=\"text-align: right;\">damy &amp; pat &#8211; 2021<\/p>\n[\/vc_column_text][vc_raw_html]JTNDZGl2JTIwY2xhc3MlM0QlMjJib2l0ZS12ZXJ0ZSUyMiUzRSUzQyUyRmRpdiUzRQ==[\/vc_raw_html][\/vc_column][\/vc_row][\/vc_section][vc_row full_width=\u00a0\u00bbstretch_row\u00a0\u00bb el_class=\u00a0\u00bbcontact-section\u00a0\u00bb][vc_column][vc_column_text el_class=\u00a0\u00bbears\u00a0\u00bb]\n<p style=\"text-align: center;\">nous vous \u00e9coutons<\/p>\n[\/vc_column_text][vc_column_text el_class=\u00a0\u00bbears-para\u00a0\u00bb]\n<p style=\"text-align: center;\">Que ce soit pour une question, pour discuter de votre nouveau projet ou pour des conseils, \u00e9crivez-nous et nous vous r\u00e9pondrons sous peu!<\/p>\n[\/vc_column_text]<div class='gambit_parallax_row' data-bg-align='' data-direction='down' data-opacity='100' data-velocity='-0.5' data-mobile-enabled='' data-bg-height='1600' data-bg-width='1600' data-bg-image='https:\/\/damyandpat.com\/wp-content\/uploads\/2017\/04\/bg-topo3.png' data-bg-repeat='false' data-id='' style='display: none'><\/div>[vc_row_inner el_class=\u00a0\u00bbcontact-row\u00a0\u00bb][vc_column_inner]\n                <div class='gf_browser_gecko gform_wrapper' id='gform_wrapper_2' ><a id='gf_2' name='gf_2' class='gform_anchor' ><\/a><form method='post' enctype='multipart\/form-data' target='gform_ajax_frame_2' id='gform_2'  action='\/fr\/wp-json\/wp\/v2\/pages\/307#gf_2'>\n                        <div class='gform_body'><ul id='gform_fields_2' class='gform_fields top_label form_sublabel_below description_below'><li id='field_2_1' class='gfield gf_left_half gfield_contains_required field_sublabel_below field_description_below hidden_label' ><label class='gfield_label' for='input_2_1' >QUEL EST VOTRE NOM?<span class='gfield_required'>*<\/span><\/label><div class='ginput_container'><input name='input_1' id='input_2_1' type='text' value='' class='medium'  tabindex='1'  placeholder='QUEL EST VOTRE NOM?' \/><\/div><\/li><li id='field_2_2' class='gfield gf_right_half gfield_contains_required field_sublabel_below field_description_below hidden_label' ><label class='gfield_label' for='input_2_2' >QUEL EST VOTRE COURRIEL?<span class='gfield_required'>*<\/span><\/label><div class='ginput_container'>\n                            <input name='input_2' id='input_2_2' type='email' value='' class='medium' tabindex='2'   placeholder='QUEL EST VOTRE COURRIEL?'\/>\n                        <\/div><\/li><li id='field_2_6' class='gfield gf_left_half gfield_contains_required field_sublabel_below field_description_below hidden_label' ><label class='gfield_label' for='input_2_6' >QUEL EST VOTRE NUM\u00c9RO DE T\u00c9L\u00c9PHONE?<span class='gfield_required'>*<\/span><\/label><div class='ginput_container'><input name='input_6' id='input_2_6' type='tel' value='' class='medium' tabindex='3'  placeholder='QUEL EST VOTRE NUM\u00c9RO DE T\u00c9L\u00c9PHONE?' \/><\/div><\/li><li id='field_2_5' class='gfield gf_right_half gfield_contains_required field_sublabel_below field_description_below hidden_label' ><label class='gfield_label' for='input_2_5' >QUELLE EST VOTRE ADRESSE COMPLETE?<span class='gfield_required'>*<\/span><\/label><div class='ginput_container'><input name='input_5' id='input_2_5' type='text' value='' class='medium'  tabindex='4'  placeholder='QUELLE EST VOTRE ADRESSE?' \/><\/div><\/li><li id='field_2_11' class='gfield section-titre gfield_html gfield_html_formatted gfield_no_follows_desc field_sublabel_below field_description_below' >Quel est votre projet?<\/li><li id='field_2_8' class='gfield gf_list_3col custom-chk gfield_contains_required field_sublabel_below field_description_below' ><label class='gfield_label'  ><span class='gfield_required'>*<\/span><\/label><div class='ginput_container'><ul class='gfield_checkbox' id='input_2_8'><li class='gchoice_2_8_1'>\n\t\t\t\t\t\t\t\t<input name='input_8.1' type='checkbox'  value='Patio - coin repas'  id='choice_2_8_1' tabindex='5'  \/>\n\t\t\t\t\t\t\t\t<label for='choice_2_8_1' id='label_2_8_1'>Patio - coin repas<\/label>\n\t\t\t\t\t\t\t<\/li><li class='gchoice_2_8_2'>\n\t\t\t\t\t\t\t\t<input name='input_8.2' type='checkbox'  value='Patio - Espace piscine'  id='choice_2_8_2' tabindex='6'  \/>\n\t\t\t\t\t\t\t\t<label for='choice_2_8_2' id='label_2_8_2'>Patio - Espace piscine<\/label>\n\t\t\t\t\t\t\t<\/li><li class='gchoice_2_8_3'>\n\t\t\t\t\t\t\t\t<input name='input_8.3' type='checkbox'  value='Terrasse - bois'  id='choice_2_8_3' tabindex='7'  \/>\n\t\t\t\t\t\t\t\t<label for='choice_2_8_3' id='label_2_8_3'>Terrasse - bois<\/label>\n\t\t\t\t\t\t\t<\/li><li class='gchoice_2_8_4'>\n\t\t\t\t\t\t\t\t<input name='input_8.4' type='checkbox'  value='Chemin\u00e9e'  id='choice_2_8_4' tabindex='8'  \/>\n\t\t\t\t\t\t\t\t<label for='choice_2_8_4' id='label_2_8_4'>Chemin\u00e9e<\/label>\n\t\t\t\t\t\t\t<\/li><li class='gchoice_2_8_5'>\n\t\t\t\t\t\t\t\t<input name='input_8.5' type='checkbox'  value='Particularit\u00e9 feu'  id='choice_2_8_5' tabindex='9'  \/>\n\t\t\t\t\t\t\t\t<label for='choice_2_8_5' id='label_2_8_5'>Particularit\u00e9 feu<\/label>\n\t\t\t\t\t\t\t<\/li><li class='gchoice_2_8_6'>\n\t\t\t\t\t\t\t\t<input name='input_8.6' type='checkbox'  value='Foyers'  id='choice_2_8_6' tabindex='10'  \/>\n\t\t\t\t\t\t\t\t<label for='choice_2_8_6' id='label_2_8_6'>Foyers<\/label>\n\t\t\t\t\t\t\t<\/li><li class='gchoice_2_8_7'>\n\t\t\t\t\t\t\t\t<input name='input_8.7' type='checkbox'  value='Piscine'  id='choice_2_8_7' tabindex='11'  \/>\n\t\t\t\t\t\t\t\t<label for='choice_2_8_7' id='label_2_8_7'>Piscine<\/label>\n\t\t\t\t\t\t\t<\/li><li class='gchoice_2_8_8'>\n\t\t\t\t\t\t\t\t<input name='input_8.8' type='checkbox'  value='Margelle de piscine'  id='choice_2_8_8' tabindex='12'  \/>\n\t\t\t\t\t\t\t\t<label for='choice_2_8_8' id='label_2_8_8'>Margelle de piscine<\/label>\n\t\t\t\t\t\t\t<\/li><li class='gchoice_2_8_9'>\n\t\t\t\t\t\t\t\t<input name='input_8.9' type='checkbox'  value='Cascade de piscine - contemporaine'  id='choice_2_8_9' tabindex='13'  \/>\n\t\t\t\t\t\t\t\t<label for='choice_2_8_9' id='label_2_8_9'>Cascade de piscine - contemporaine<\/label>\n\t\t\t\t\t\t\t<\/li><li class='gchoice_2_8_11'>\n\t\t\t\t\t\t\t\t<input name='input_8.11' type='checkbox'  value='Cascade de piscine - naturelle'  id='choice_2_8_11' tabindex='14'  \/>\n\t\t\t\t\t\t\t\t<label for='choice_2_8_11' id='label_2_8_11'>Cascade de piscine - naturelle<\/label>\n\t\t\t\t\t\t\t<\/li><li class='gchoice_2_8_12'>\n\t\t\t\t\t\t\t\t<input name='input_8.12' type='checkbox'  value='Caract\u00e9ristique de l&#039;eau'  id='choice_2_8_12' tabindex='15'  \/>\n\t\t\t\t\t\t\t\t<label for='choice_2_8_12' id='label_2_8_12'>Caract\u00e9ristique de l'eau<\/label>\n\t\t\t\t\t\t\t<\/li><li class='gchoice_2_8_13'>\n\t\t\t\t\t\t\t\t<input name='input_8.13' type='checkbox'  value='\u00c9cran priv\u00e9'  id='choice_2_8_13' tabindex='16'  \/>\n\t\t\t\t\t\t\t\t<label for='choice_2_8_13' id='label_2_8_13'>\u00c9cran priv\u00e9<\/label>\n\t\t\t\t\t\t\t<\/li><li class='gchoice_2_8_14'>\n\t\t\t\t\t\t\t\t<input name='input_8.14' type='checkbox'  value='Vert'  id='choice_2_8_14' tabindex='17'  \/>\n\t\t\t\t\t\t\t\t<label for='choice_2_8_14' id='label_2_8_14'>Vert<\/label>\n\t\t\t\t\t\t\t<\/li><li class='gchoice_2_8_15'>\n\t\t\t\t\t\t\t\t<input name='input_8.15' type='checkbox'  value='Cl\u00f4ture - bois'  id='choice_2_8_15' tabindex='18'  \/>\n\t\t\t\t\t\t\t\t<label for='choice_2_8_15' id='label_2_8_15'>Cl\u00f4ture - bois<\/label>\n\t\t\t\t\t\t\t<\/li><li class='gchoice_2_8_16'>\n\t\t\t\t\t\t\t\t<input name='input_8.16' type='checkbox'  value='Cl\u00f4ture - Fer modulaire'  id='choice_2_8_16' tabindex='19'  \/>\n\t\t\t\t\t\t\t\t<label for='choice_2_8_16' id='label_2_8_16'>Cl\u00f4ture - Fer modulaire<\/label>\n\t\t\t\t\t\t\t<\/li><li class='gchoice_2_8_17'>\n\t\t\t\t\t\t\t\t<input name='input_8.17' type='checkbox'  value='\u00c9clairage d&#039;arri\u00e8re-cour'  id='choice_2_8_17' tabindex='20'  \/>\n\t\t\t\t\t\t\t\t<label for='choice_2_8_17' id='label_2_8_17'>\u00c9clairage d'arri\u00e8re-cour<\/label>\n\t\t\t\t\t\t\t<\/li><li class='gchoice_2_8_18'>\n\t\t\t\t\t\t\t\t<input name='input_8.18' type='checkbox'  value='Jardins d&#039;arri\u00e8re-cour'  id='choice_2_8_18' tabindex='21'  \/>\n\t\t\t\t\t\t\t\t<label for='choice_2_8_18' id='label_2_8_18'>Jardins d'arri\u00e8re-cour<\/label>\n\t\t\t\t\t\t\t<\/li><li class='gchoice_2_8_19'>\n\t\t\t\t\t\t\t\t<input name='input_8.19' type='checkbox'  value='Nivellement et gazonnement d&#039;arri\u00e8re-cour'  id='choice_2_8_19' tabindex='22'  \/>\n\t\t\t\t\t\t\t\t<label for='choice_2_8_19' id='label_2_8_19'>Nivellement et gazonnement d'arri\u00e8re-cour<\/label>\n\t\t\t\t\t\t\t<\/li><li class='gchoice_2_8_21'>\n\t\t\t\t\t\t\t\t<input name='input_8.21' type='checkbox'  value='Ensemble d&#039;irrigation d&#039;arri\u00e8re-cour'  id='choice_2_8_21' tabindex='23'  \/>\n\t\t\t\t\t\t\t\t<label for='choice_2_8_21' id='label_2_8_21'>Ensemble d'irrigation d'arri\u00e8re-cour<\/label>\n\t\t\t\t\t\t\t<\/li><li class='gchoice_2_8_22'>\n\t\t\t\t\t\t\t\t<input name='input_8.22' type='checkbox'  value='All\u00e9e'  id='choice_2_8_22' tabindex='24'  \/>\n\t\t\t\t\t\t\t\t<label for='choice_2_8_22' id='label_2_8_22'>All\u00e9e<\/label>\n\t\t\t\t\t\t\t<\/li><li class='gchoice_2_8_23'>\n\t\t\t\t\t\t\t\t<input name='input_8.23' type='checkbox'  value='Murs de sout\u00e8nement'  id='choice_2_8_23' tabindex='25'  \/>\n\t\t\t\t\t\t\t\t<label for='choice_2_8_23' id='label_2_8_23'>Murs de sout\u00e8nement<\/label>\n\t\t\t\t\t\t\t<\/li><li class='gchoice_2_8_24'>\n\t\t\t\t\t\t\t\t<input name='input_8.24' type='checkbox'  value='Passerelles'  id='choice_2_8_24' tabindex='26'  \/>\n\t\t\t\t\t\t\t\t<label for='choice_2_8_24' id='label_2_8_24'>Passerelles<\/label>\n\t\t\t\t\t\t\t<\/li><\/ul><\/div><\/li><li id='field_2_9' class='gfield gf_left_half field_sublabel_below field_description_below hidden_label' ><label class='gfield_label' for='input_2_9' >EXPLIQUEZ-NOUS VOS BESOINS<\/label><div class='ginput_container'><input name='input_9' id='input_2_9' type='text' value='' class='medium'  tabindex='27'  placeholder='EXPLIQUEZ-NOUS VOS BESOINS' \/><\/div><\/li><li id='field_2_10' class='gfield gf_right_half gfield_contains_required field_sublabel_below field_description_below hidden_label' ><label class='gfield_label' for='input_2_10' >BUDGET<span class='gfield_required'>*<\/span><\/label><div class='ginput_container'><input name='input_10' id='input_2_10' type='text' step='any'   value='' class='medium' tabindex='28'   placeholder='BUDGET' \/><\/div><\/li>\n                            <\/ul><\/div>\n        <div class='gform_footer top_label'> <input type='submit' id='gform_submit_button_2' class='gform_button button' value='ENVOYER' tabindex='29' onclick='if(window[\"gf_submitting_2\"]){return false;}  if( !jQuery(\"#gform_2\")[0].checkValidity || jQuery(\"#gform_2\")[0].checkValidity()){window[\"gf_submitting_2\"]=true;}  ' \/> <input type='hidden' name='gform_ajax' value='form_id=2&amp;title=&amp;description=&amp;tabindex=1' \/>\n            <input type='hidden' class='gform_hidden' name='is_submit_2' value='1' \/>\n            <input type='hidden' class='gform_hidden' name='gform_submit' value='2' \/>\n            \n            <input type='hidden' class='gform_hidden' name='gform_unique_id' value='' \/>\n            <input type='hidden' class='gform_hidden' name='state_2' value='WyJbXSIsIjRiNjhlODNlOTBiMGM3NGNmYjhiNjQxY2ZmZDVmZTA0Il0=' \/>\n            <input type='hidden' class='gform_hidden' name='gform_target_page_number_2' id='gform_target_page_number_2' value='0' \/>\n            <input type='hidden' class='gform_hidden' name='gform_source_page_number_2' id='gform_source_page_number_2' value='1' \/>\n            <input type='hidden' name='gform_field_values' value='' \/>\n            \n        <\/div>\n                        <p style=\"display: none !important;\" class=\"akismet-fields-container\" data-prefix=\"ak_\"><label>&#916;<textarea name=\"ak_hp_textarea\" cols=\"45\" rows=\"8\" maxlength=\"100\"><\/textarea><\/label><input type=\"hidden\" id=\"ak_js_1\" name=\"ak_js\" value=\"146\"\/><script type=\"text\/javascript\">\n\/* <![CDATA[ *\/\ndocument.getElementById( \"ak_js_1\" ).setAttribute( \"value\", ( new Date() ).getTime() );\n\/* ]]> *\/\n<\/script>\n<\/p><\/form>\n                        <\/div>\n                <iframe style='display:none;width:0px;height:0px;' src='about:blank' name='gform_ajax_frame_2' id='gform_ajax_frame_2'><\/iframe>\n                <script type='text\/javascript'>jQuery(document).ready(function($){gformInitSpinner( 2, 'https:\/\/damyandpat.com\/wp-content\/plugins\/gravityforms_1.9.0.1\/images\/spinner.gif' );jQuery('#gform_ajax_frame_2').load( function(){var contents = jQuery(this).contents().find('*').html();var is_postback = contents.indexOf('GF_AJAX_POSTBACK') >= 0;if(!is_postback){return;}var form_content = jQuery(this).contents().find('#gform_wrapper_2');var is_confirmation = jQuery(this).contents().find('#gform_confirmation_wrapper_2').length > 0;var is_redirect = contents.indexOf('gformRedirect(){') >= 0;var is_form = form_content.length > 0 && ! is_redirect && ! is_confirmation;if(is_form){jQuery('#gform_wrapper_2').html(form_content.html());jQuery(document).scrollTop(jQuery('#gform_wrapper_2').offset().top);if(window['gformInitDatepicker']) {gformInitDatepicker();}if(window['gformInitPriceFields']) {gformInitPriceFields();}var current_page = jQuery('#gform_source_page_number_2').val();gformInitSpinner( 2, 'https:\/\/damyandpat.com\/wp-content\/plugins\/gravityforms_1.9.0.1\/images\/spinner.gif' );jQuery(document).trigger('gform_page_loaded', [2, current_page]);window['gf_submitting_2'] = false;}else if(!is_redirect){var confirmation_content = jQuery(this).contents().find('#gforms_confirmation_message_2').html();if(!confirmation_content){confirmation_content = contents;}setTimeout(function(){jQuery('#gform_wrapper_2').replaceWith('<' + 'div id=\\'gforms_confirmation_message_2\\' class=\\'gform_confirmation_message_2 gforms_confirmation_message\\'' + '>' + confirmation_content + '<' + '\/div' + '>');jQuery(document).scrollTop(jQuery('#gforms_confirmation_message_2').offset().top);jQuery(document).trigger('gform_confirmation_loaded', [2]);window['gf_submitting_2'] = false;}, 50);}else{jQuery('#gform_2').append(contents);if(window['gformRedirect']) {gformRedirect();}}jQuery(document).trigger('gform_post_render', [2, current_page]);} );} );<\/script><script type='text\/javascript'> if(typeof gf_global == 'undefined') var gf_global = {\"gf_currency_config\":{\"name\":\"Dollar US\",\"symbol_left\":\"$\",\"symbol_right\":\"\",\"symbol_padding\":\"\",\"thousand_separator\":\",\",\"decimal_separator\":\".\",\"decimals\":2},\"base_url\":\"https:\\\/\\\/damyandpat.com\\\/wp-content\\\/plugins\\\/gravityforms_1.9.0.1\",\"number_formats\":[],\"spinnerUrl\":\"https:\\\/\\\/damyandpat.com\\\/wp-content\\\/plugins\\\/gravityforms_1.9.0.1\\\/images\\\/spinner.gif\"};jQuery(document).bind('gform_post_render', function(event, formId, currentPage){if(formId == 2) {gformInitCurrencyFormatFields('#input_2_10');if(typeof Placeholders != 'undefined'){\n                        Placeholders.enable();\n                    }jQuery('#input_2_6').mask('(999) 999-9999').bind('keypress', function(e){if(e.which == 13){jQuery(this).blur();} } );} } );jQuery(document).bind('gform_post_conditional_logic', function(event, formId, fields, isInit){} );<\/script><script type='text\/javascript'> jQuery(document).ready(function(){jQuery(document).trigger('gform_post_render', [2, 1]) } ); <\/script>[\/vc_column_inner][\/vc_row_inner][\/vc_column][\/vc_row][vc_row full_width=\u00a0\u00bbstretch_row_content_no_spaces\u00a0\u00bb el_id=\u00a0\u00bbmap\u00a0\u00bb el_class=\u00a0\u00bbmap\u00a0\u00bb][vc_column][vc_gmaps link=\u00a0\u00bb#E-8_JTNDaWZyYW1lJTIwc3JjJTNEJTIyaHR0cHMlM0ElMkYlMkZ3d3cuZ29vZ2xlLmNvbSUyRm1hcHMlMkZlbWJlZCUzRnBiJTNEJTIxMW0xOCUyMTFtMTIlMjExbTMlMjExZDIyMzg4LjgwOTcwODA3OTEyNyUyMTJkLTczLjYyMzE0ODQ2NjgyMzE1JTIxM2Q0NS40NTc2OTE2MjIzMDg0MjQlMjEybTMlMjExZjAlMjEyZjAlMjEzZjAlMjEzbTIlMjExaTEwMjQlMjEyaTc2OCUyMTRmMTMuMSUyMTNtMyUyMTFtMiUyMTFzMHg0Y2M5MTBjYzg4YTEyODFmJTI1M0EweDVmYzJjMTFjNGNlMzdlN2UlMjEyczY2ODclMkJSdWUlMkJTYWludC1KYWNxdWVzJTI1MkMlMkJNb250ciUyNUMzJTI1QTlhbCUyNTJDJTJCUUMlMkJINEIlMkIxVjMlMjE1ZTAlMjEzbTIlMjExc2VuJTIxMnNjYSUyMTR2MTQ5MzMwNjQ2MDg5NyUyMiUyMHdpZHRoJTNEJTIyNjAwJTIyJTIwaGVpZ2h0JTNEJTIyNDUwJTIyJTIwZnJhbWVib3JkZXIlM0QlMjIwJTIyJTIwc3R5bGUlM0QlMjJib3JkZXIlM0EwJTIyJTIwYWxsb3dmdWxsc2NyZWVuJTNFJTNDJTJGaWZyYW1lJTNF\u00a0\u00bb size=\u00a0\u00bb450px\u00a0\u00bb][\/vc_column][\/vc_row]\n<\/div>","protected":false},"excerpt":{"rendered":"<p>[vc_section el_class=\u00a0\u00bbsection-header\u00a0\u00bb][vc_row][vc_column][vc_single_image image=\u00a0\u00bb958&Prime; img_size=\u00a0\u00bbfull\u00a0\u00bb el_class=\u00a0\u00bbfeuille-geante\u00a0\u00bb][\/vc_column][\/vc_row][vc_row][vc_column width=\u00a0\u00bb1\/2&Prime;][vc_column_text] coordonn\u00e9es nous joindre 6687 St Jacques MONTR\u00c9AL, QC H4B 1V3 (514) 489 2716 INFO@DAMYANDPAT.COM[\/vc_column_text][vc_raw_html]JTNDdWwlMjBjbGFzcyUzRCUyMmxpc3RlLXNvY2lhbGUlMjIlM0UlMEElMDklM0NsaSUzRSUzQ2ElMjBocmVmJTNEJTIyaHR0cHMlM0ElMkYlMkZ3d3cuZmFjZWJvb2suY29tJTJGRGFteS1QYXQtMTg3OTQ5MTk5ODk5NzcxOCUyRiUyMiUyMHRhcmdldCUzRCUyMl9ibGFuayUyMiUzRSUzQ2klMjBjbGFzcyUzRCUyMmZhJTIwZmEtZmFjZWJvb2stc3F1YXJlJTIyJTIwYXJpYS1oaWRkZW4lM0QlMjJ0cnVlJTIyJTNFJTNDJTJGaSUzRSUzQyUyRmElM0UlM0MlMkZsaSUzRSUwQSUwOSUzQ2xpJTNFJTNDYSUyMGhyZWYlM0QlMjJodHRwcyUzQSUyRiUyRnd3dy5pbnN0YWdyYW0uY29tJTJGZGFteWFuZHBhdCUyRiUyMiUyMHRhcmdldCUzRCUyMl9ibGFuayUyMiUzRSUzQ2klMjBjbGFzcyUzRCUyMmZhJTIwZmEtaW5zdGFncmFtJTIyJTIwYXJpYS1oaWRkZW4lM0QlMjJ0cnVlJTIyJTNFJTNDJTJGaSUzRSUzQyUyRmElM0UlM0MlMkZsaSUzRSUwQSUwOSUzQ2xpJTNFJTNDYSUyMGhyZWYlM0QlMjJodHRwcyUzQSUyRiUyRnd3dy55b3V0dWJlLmNvbSUyRmNoYW5uZWwlMkZVQ0ItYXUtVTBYYU0xa3pYSWVzc0NIRUElMkZmZWF0dXJlZCUyMiUyMHRhcmdldCUzRCUyMl9ibGFuayUyMiUzRSUzQ2klMjBjbGFzcyUzRCUyMmZhJTIwZmEteW91dHViZS1zcXVhcmUlMjIlMjBhcmlhLWhpZGRlbiUzRCUyMnRydWUlMjIlM0UlM0MlMkZpJTNFJTNDJTJGYSUzRSUzQyUyRmxpJTNFJTBBJTNDbGklM0UlM0NhJTIwaHJlZiUzRCUyMmh0dHBzJTNBJTJGJTJGd3d3LmhvdXp6LmNvbSUyRnByb2Zlc3Npb25hbHMlMkZsYW5kc2NhcGUtYXJjaGl0ZWN0cy1hbmQtbGFuZHNjYXBlLWRlc2lnbmVycyUyRmRhbXktYW5kLXBhdC1wZnZ3dXMtcGZ+NjkwMzkxNjUxJTIyJTIwdGFyZ2V0JTNEJTIyX2JsYW5rJTIyJTNFJTNDaSUyMGNsYXNzJTNEJTIyZmElMjBmYS1ob3V6eiUyMiUyMGFyaWEtaGlkZGVuJTNEJTIydHJ1ZSUyMiUzRSUzQyUyRmklM0UlM0MlMkZhJTNFJTNDJTJGbGklM0UlMEElM0MlMkZ1bCUzRQ==[\/vc_raw_html][vc_column_text] territoire r\u00e9gions\u00a0 dans lesquelles nous travaillons Notre-dame-de-gr\u00e2ce c\u00f4te-st-luc HAMPSTEAD WESTMOUNT VILLE SAINT- LAURENT LACHINE WESTISLAND [\/vc_column_text][\/vc_column][vc_column width=\u00a0\u00bb1\/2&Prime;][vc_single_image image=\u00a0\u00bb990&Prime; img_size=\u00a0\u00bbfull\u00a0\u00bb][vc_row_inner][vc_column_inner width=\u00a0\u00bb1\/3&Prime;][vc_single_image image=\u00a0\u00bb994&Prime; img_size=\u00a0\u00bbfull\u00a0\u00bb][\/vc_column_inner][vc_column_inner width=\u00a0\u00bb1\/3&Prime;][vc_single_image image=\u00a0\u00bb996&Prime; img_size=\u00a0\u00bbfull\u00a0\u00bb][\/vc_column_inner][vc_column_inner width=\u00a0\u00bb1\/3&Prime;][vc_single_image image=\u00a0\u00bb992&Prime; img_size=\u00a0\u00bbfull\u00a0\u00bb][\/vc_column_inner][\/vc_row_inner][vc_column_text el_class=\u00a0\u00bbdescription\u00a0\u00bb] damy &amp; pat &#8211; 2021 [\/vc_column_text][vc_raw_html]JTNDZGl2JTIwY2xhc3MlM0QlMjJib2l0ZS12ZXJ0ZSUyMiUzRSUzQyUyRmRpdiUzRQ==[\/vc_raw_html][\/vc_column][\/vc_row][\/vc_section][vc_row full_width=\u00a0\u00bbstretch_row\u00a0\u00bb el_class=\u00a0\u00bbcontact-section\u00a0\u00bb][vc_column][vc_column_text el_class=\u00a0\u00bbears\u00a0\u00bb] nous vous &#8230;<\/p>\n","protected":false},"author":2,"featured_media":0,"parent":0,"menu_order":0,"comment_status":"closed","ping_status":"closed","template":"template-blank-1.php","meta":{"_seopress_robots_primary_cat":"","_seopress_titles_title":"Nous joindre | Damy & Pat","_seopress_titles_desc":"Des questions? Besoin d'une soumission pour votre projet d'am\u00e9nagement paysager? Notre \u00e9quipe est l\u00e0 pour vous.","_seopress_robots_index":"","footnotes":""},"class_list":["post-307","page","type-page","status-publish","hentry","no-post-thumbnail"],"_links":{"self":[{"href":"https:\/\/damyandpat.com\/fr\/wp-json\/wp\/v2\/pages\/307","targetHints":{"allow":["GET"]}}],"collection":[{"href":"https:\/\/damyandpat.com\/fr\/wp-json\/wp\/v2\/pages"}],"about":[{"href":"https:\/\/damyandpat.com\/fr\/wp-json\/wp\/v2\/types\/page"}],"author":[{"embeddable":true,"href":"https:\/\/damyandpat.com\/fr\/wp-json\/wp\/v2\/users\/2"}],"replies":[{"embeddable":true,"href":"https:\/\/damyandpat.com\/fr\/wp-json\/wp\/v2\/comments?post=307"}],"version-history":[{"count":7,"href":"https:\/\/damyandpat.com\/fr\/wp-json\/wp\/v2\/pages\/307\/revisions"}],"predecessor-version":[{"id":1426,"href":"https:\/\/damyandpat.com\/fr\/wp-json\/wp\/v2\/pages\/307\/revisions\/1426"}],"wp:attachment":[{"href":"https:\/\/damyandpat.com\/fr\/wp-json\/wp\/v2\/media?parent=307"}],"curies":[{"name":"wp","href":"https:\/\/api.w.org\/{rel}","templated":true}]}}