{"id":303,"date":"2017-04-28T16:03:13","date_gmt":"2017-04-28T20:03:13","guid":{"rendered":"http:\/\/damyandpat.com\/fr\/?page_id=303"},"modified":"2026-04-07T08:52:49","modified_gmt":"2026-04-07T12:52:49","slug":"services","status":"publish","type":"page","link":"https:\/\/damyandpat.com\/fr\/services\/","title":{"rendered":"Services"},"content":{"rendered":"<div class=\"wpb-content-wrapper\">[vc_row full_width=\u00a0\u00bbstretch_row_content_no_spaces\u00a0\u00bb el_class=\u00a0\u00bbabout-slider\u00a0\u00bb][vc_column]\n\t\t\t<!-- START servicesfr REVOLUTION SLIDER 6.7.23 --><p class=\"rs-p-wp-fix\"><\/p>\n\t\t\t<rs-module-wrap id=\"rev_slider_6_1_wrapper\" data-source=\"gallery\" style=\"visibility:hidden;background:transparent;padding:0;margin:0px auto;margin-top:0;margin-bottom:0;\">\n\t\t\t\t<rs-module id=\"rev_slider_6_1\" style=\"\" data-version=\"6.7.23\">\n\t\t\t\t\t<rs-slides style=\"overflow: hidden; position: absolute;\">\n\t\t\t\t\t\t<rs-slide style=\"position: absolute;\" data-key=\"rs-6\" data-title=\"Slide\" data-anim=\"adpr:false;\" data-in=\"o:0;\" data-out=\"a:false;\">\n\t\t\t\t\t\t\t<img decoding=\"async\" src=\"\/\/damyandpat.com\/wp-content\/plugins\/revslider\/sr6\/assets\/assets\/dummy.png\" alt=\"Services d\u2019am\u00e9nagement paysager cl\u00e9s en main\" title=\"slide-services\" width=\"1440\" height=\"500\" class=\"rev-slidebg tp-rs-img rs-lazyload\" data-lazyload=\"\/\/damyandpat.com\/wp-content\/uploads\/2017\/04\/slide-services.jpg\" data-no-retina>\n<!--\n\t\t\t\t\t\t\t--><rs-layer\n\t\t\t\t\t\t\t\tid=\"slider-6-slide-6-layer-1\" \n\t\t\t\t\t\t\t\tclass=\"slider-title\"\n\t\t\t\t\t\t\t\tdata-type=\"text\"\n\t\t\t\t\t\t\t\tdata-color=\"rgba(255,255,255,1)\"\n\t\t\t\t\t\t\t\tdata-rsp_ch=\"on\"\n\t\t\t\t\t\t\t\tdata-xy=\"x:c;y:m;\"\n\t\t\t\t\t\t\t\tdata-text=\"s:40;l:30;fw:600;a:center;\"\n\t\t\t\t\t\t\t\tdata-frame_0=\"y:-50px;\"\n\t\t\t\t\t\t\t\tdata-frame_1=\"e:power2.inOut;st:500;sp:500;\"\n\t\t\t\t\t\t\t\tdata-frame_999=\"e:nothing;st:w;\"\n\t\t\t\t\t\t\t\tstyle=\"z-index:5;font-family:'Hind';text-transform:uppercase;\"\n\t\t\t\t\t\t\t>Nos connaissances et notre expertise <br\/>\nsont \u00e0 votre disposition. \n\t\t\t\t\t\t\t<\/rs-layer><!--\n-->\t\t\t\t\t<\/rs-slide>\n\t\t\t\t\t<\/rs-slides>\n\t\t\t\t<\/rs-module>\n\t\t\t\t<script>\n\t\t\t\t\tsetREVStartSize({c: 'rev_slider_6_1',rl:[1240,1240,1240,480],el:[500,500,500,300],gw:[1440,1440,1440,480],gh:[500,500,500,300],type:'hero',justify:'',layout:'fullwidth',mh:\"0\"});if (window.RS_MODULES!==undefined && window.RS_MODULES.modules!==undefined && window.RS_MODULES.modules[\"revslider61\"]!==undefined) {window.RS_MODULES.modules[\"revslider61\"].once = false;window.revapi6 = undefined;if (window.RS_MODULES.checkMinimal!==undefined) window.RS_MODULES.checkMinimal()}\n\t\t\t\t<\/script>\n\t\t\t<\/rs-module-wrap>\n\t\t\t<!-- END REVOLUTION SLIDER -->\n[vc_single_image image=\u00a0\u00bb323&Prime; img_size=\u00a0\u00bbfull\u00a0\u00bb alignment=\u00a0\u00bbcenter\u00a0\u00bb onclick=\u00a0\u00bbcustom_link\u00a0\u00bb link=\u00a0\u00bbhttp:\/\/damyandpat.com\u00a0\u00bb el_class=\u00a0\u00bbmain-logo\u00a0\u00bb][vc_single_image image=\u00a0\u00bb324&Prime; img_size=\u00a0\u00bbfull\u00a0\u00bb alignment=\u00a0\u00bbcenter\u00a0\u00bb onclick=\u00a0\u00bbcustom_link\u00a0\u00bb el_class=\u00a0\u00bbchevron\u00a0\u00bb link=\u00a0\u00bb#all-in-one\u00a0\u00bb][\/vc_column][\/vc_row][vc_row full_width=\u00a0\u00bbstretch_row_content_no_spaces\u00a0\u00bb el_class=\u00a0\u00bbservices-right-banner\u00a0\u00bb][vc_column][vc_single_image image=\u00a0\u00bb806&Prime; img_size=\u00a0\u00bbfull\u00a0\u00bb alignment=\u00a0\u00bbright\u00a0\u00bb][\/vc_column][\/vc_row][vc_row full_width=\u00a0\u00bbstretch_row\u00a0\u00bb][vc_column][vc_row_inner el_id=\u00a0\u00bball-in-one\u00a0\u00bb el_class=\u00a0\u00bball-in-one\u00a0\u00bb][vc_column_inner][vc_column_text el_class=\u00a0\u00bbfeuille-noire\u00a0\u00bb]\n<h2 style=\"text-align: center;\">Services d\u2019am\u00e9nagement paysager tout-en-un<\/h2>\n[\/vc_column_text][vc_column_text el_class=\u00a0\u00bbcentered-para\u00a0\u00bb]\n<p class=\"p1\" style=\"text-align: center;\"><span class=\"s1\">Chez Damy &amp; Pat, notre mission est de fournir un service \u00e0 la client\u00e8le ainsi qu\u2019un service d\u2019am\u00e9nagement paysager de qualit\u00e9 sup\u00e9rieure \u00e0 nos clients. <\/span><\/p>\n<p class=\"p1\" style=\"text-align: center;\"><span class=\"s1\">Gr\u00e2ce \u00e0 notre expertise de plus de soixante ann\u00e9es, nous vous assurons que tout travail est entreprit de mani\u00e8re efficace, dans les d\u00e9lais les plus rapides.<\/span><\/p>\n[\/vc_column_text][\/vc_column_inner][\/vc_row_inner][\/vc_column][\/vc_row][vc_row full_width=\u00a0\u00bbstretch_row\u00a0\u00bb content_placement=\u00a0\u00bbmiddle\u00a0\u00bb el_class=\u00a0\u00bbsection-design\u00a0\u00bb][vc_column][vc_row_inner][vc_column_inner width=\u00a0\u00bb1\/2&Prime;][vc_column_text css=\u00a0\u00bb\u00a0\u00bb]\n<h2><b data-stringify-type=\"bold\">SERVICE DE DESIGN PAYSAGER<\/b><\/h2>\n<h4>Notre collaboratrice officielle<\/h4>\n<p><strong>Carolane Racine &#8211; <a href=\"https:\/\/racinepaysage.com\/\" target=\"_blank\" rel=\"noopener\">racinepaysage.com<\/a><\/strong><\/p>\n<p>Architecte paysagiste membre de l&rsquo;Association des architectes paysagistes du Qu\u00e9bec, elle cumule plus de 10 ans d\u2019exp\u00e9rience dans le domaine.<\/p>\n<p>Ce qui distingue Carolanne, c\u2019est son parcours unique en design d\u2019int\u00e9rieur. Cette expertise lui permet de cr\u00e9er des projets harmonieux en alliant textures, couleurs et \u00e9l\u00e9ments uniques, adapt\u00e9s aux besoins et au mode de vie de chacun. Passionn\u00e9e par l\u2019int\u00e9gration de solutions paysag\u00e8res qui s\u2019\u00e9panouissent au fil des saisons, un aspect essentiel au Qu\u00e9bec. Elle propose des installations qui allient beaut\u00e9, fonctionnalit\u00e9 et durabilit\u00e9.[\/vc_column_text][\/vc_column_inner][vc_column_inner width=\u00a0\u00bb1\/2&Prime;][vc_single_image image=\u00a0\u00bb1378&Prime; img_size=\u00a0\u00bbfull\u00a0\u00bb css=\u00a0\u00bb\u00a0\u00bb][\/vc_column_inner][\/vc_row_inner][\/vc_column][\/vc_row][vc_row full_width=\u00a0\u00bbstretch_row\u00a0\u00bb][vc_column][vc_row_inner el_class=\u00a0\u00bbservices-container\u00a0\u00bb][vc_column_inner el_class=\u00a0\u00bbtitle-part\u00a0\u00bb width=\u00a0\u00bb5\/12&Prime;][vc_column_text css_animation=\u00a0\u00bbleft-to-right\u00a0\u00bb el_class=\u00a0\u00bbtitle\u00a0\u00bb]\n<p class=\"p1\"><span class=\"s1\">Am\u00e9nagement paysager<br \/>\n<\/span><span class=\"s1\">&amp; entretien de jardins<\/span><\/p>\n[\/vc_column_text][\/vc_column_inner][vc_column_inner el_class=\u00a0\u00bbdescript-part\u00a0\u00bb width=\u00a0\u00bb5\/12&Prime;][vc_column_text]\n<p class=\"p1\"><span class=\"s1\">De la pelouse aux fleurs en passant par la fertilisation, Damy &amp; Pat vous assure<span class=\"Apple-converted-space\">\u00a0 <\/span>que vos terres et jardins seront resplendissants et en sant\u00e9 tout au long des saisons. <\/span><\/p>\n<p class=\"p1\"><strong><span class=\"s1\">Nous fournissons des services r\u00e9sidentiels, commerciaux et industriels.<\/span><\/strong><\/p>\n<ul>\n<li>Plantation (annuelles, vivaces, bulbes, arbustes, haies et arbres)<\/li>\n<li>A\u00e9ration<\/li>\n<li>\u00c9pandage, engrais, fertilisation<\/li>\n<li>Installation de gazon<\/li>\n<li>Sols sup\u00e9rieurs<\/li>\n<li>Service hebdomadaire d\u2019entretien du jardin<\/li>\n<li>Service hebdomadaire d\u2019entretien de la pelouse<\/li>\n<li>Fertilisation et contr\u00f4le de la mauvaise herbe<\/li>\n<li>Taillage des arbustes et haies<\/li>\n<li>Jardins de pierres<\/li>\n<\/ul>\n[\/vc_column_text][\/vc_column_inner][\/vc_row_inner][vc_row_inner el_class=\u00a0\u00bbservices-container\u00a0\u00bb][vc_column_inner el_class=\u00a0\u00bbtitle-part\u00a0\u00bb width=\u00a0\u00bb5\/12&Prime;][vc_column_text css_animation=\u00a0\u00bbleft-to-right\u00a0\u00bb el_class=\u00a0\u00bbtitle\u00a0\u00bb]design<br \/>\n&amp; construction[\/vc_column_text][\/vc_column_inner][vc_column_inner el_class=\u00a0\u00bbdescript-part\u00a0\u00bb width=\u00a0\u00bb5\/12&Prime;][vc_column_text]\n<p class=\"p1\"><span class=\"s1\">Damy &amp; Pat vous offre un service complet: de vos id\u00e9es sur papier jusqu\u2019\u00e0 l\u2019ex\u00e9cution des projets.<\/span><\/p>\n<p class=\"p1\"><strong><span class=\"s1\">Nous cr\u00e9ons et am\u00e9nageons de magnifiques espaces ext\u00e9rieurs, que ce soit pour une cours arri\u00e8re ou un \u00e9difice commercial.<\/span><\/strong><\/p>\n<ul>\n<li>Pav\u00e9 uni (passerelles, patios, all\u00e9es chauff\u00e9es ou non chauff\u00e9es)<\/li>\n<li>Travail en pierres naturelles<\/li>\n<li>Balcons \/ passerelles en ciment<\/li>\n<li>Excavation<\/li>\n<li>R\u00e9paration de petites foundations \/ \u00e9tanch\u00e9it\u00e9<\/li>\n<li>Drains Fran\u00e7ais<\/li>\n<\/ul>\n[\/vc_column_text][\/vc_column_inner][\/vc_row_inner][vc_row_inner el_class=\u00a0\u00bbservices-container\u00a0\u00bb][vc_column_inner el_class=\u00a0\u00bbtitle-part\u00a0\u00bb width=\u00a0\u00bb5\/12&Prime;][vc_column_text css_animation=\u00a0\u00bbleft-to-right\u00a0\u00bb el_class=\u00a0\u00bbtitle\u00a0\u00bb]\n<p class=\"p1\"><span class=\"s1\">Service de d\u00e9neigement<\/span><\/p>\n[\/vc_column_text][\/vc_column_inner][vc_column_inner width=\u00a0\u00bb5\/12&Prime;][vc_column_text]\n<p class=\"p1\"><span class=\"s1\">N\u2019ayez plus de maux de t\u00eate pendant l\u2019hiver. Notre \u00e9quipe de d\u00e9neigement professionnelle s\u2019assure que votre propri\u00e9t\u00e9 soit s\u00e9curitaire et accessible tout au long de l\u2019hiver.<\/span><\/p>\n<p><strong>Chez Damy &amp; Pat, nous sommes \u00e9quip\u00e9s pour r\u00e9pondre rapidement \u00e0 tous vos besoins et ce, m\u00eame lors des pires temp\u00eates.<\/strong><\/p>\n<ul>\n<li>D\u00e9neigement commercial<\/li>\n<li>D\u00e9neigement r\u00e9sidentiel<\/li>\n<li>D\u00e9neigement industriel<\/li>\n<\/ul>\n[\/vc_column_text][\/vc_column_inner][\/vc_row_inner][vc_row_inner el_class=\u00a0\u00bbservices-container\u00a0\u00bb][vc_column_inner el_class=\u00a0\u00bbtitle-part\u00a0\u00bb width=\u00a0\u00bb5\/12&Prime;][vc_column_text css_animation=\u00a0\u00bbleft-to-right\u00a0\u00bb el_class=\u00a0\u00bbtitle\u00a0\u00bb]\n<p class=\"p1\"><span class=\"s1\">Piscines<\/span><\/p>\n[\/vc_column_text][\/vc_column_inner][vc_column_inner width=\u00a0\u00bb5\/12&Prime;][vc_column_text]\n<p class=\"p1\"><span class=\"s1\">De la conception du design jusqu\u2019\u00e0 la finition, nous prenons en charge votre projet piscine.<\/span><\/p>\n<p><strong>Nous construisons votre piscine de n\u2019importe quelle forme ou taille selon vos besoins.<\/strong><\/p>\n<ul>\n<li>Excavation de piscine<\/li>\n<li>Construction et expertise<\/li>\n<li>Piscine creus\u00e9e en b\u00e9ton projet\u00e9<\/li>\n<li>Choix infini de formes, de tailles et de designs<\/li>\n<li>Sur mesure, pas de pr\u00e9fabriqu\u00e9<\/li>\n<\/ul>\n[\/vc_column_text][vc_btn title=\u00a0\u00bbEN SAVOIR PLUS\u00a0\u00bb style=\u00a0\u00bbflat\u00a0\u00bb shape=\u00a0\u00bbsquare\u00a0\u00bb align=\u00a0\u00bbleft\u00a0\u00bb el_class=\u00a0\u00bbbtn-custom-vert\u00a0\u00bb link=\u00a0\u00bburl:http%3A%2F%2Fdamyandpat.com%2Ffr%2Fpiscines%2F|||\u00a0\u00bb][\/vc_column_inner][\/vc_row_inner][\/vc_column][\/vc_row][vc_row full_width=\u00a0\u00bbstretch_row\u00a0\u00bb css=\u00a0\u00bb.vc_custom_1492012533194{padding-bottom: 5% !important;background-color: #80c14a !important;}\u00a0\u00bb el_class=\u00a0\u00bbbanner\u00a0\u00bb][vc_column][vc_column_text el_class=\u00a0\u00bbblanc\u00a0\u00bb]\n<h2 style=\"text-align: center;\">Nous r\u00e9alisons vos id\u00e9es<\/h2>\n[\/vc_column_text][vc_column_text el_class=\u00a0\u00bbblanc\u00a0\u00bb]\n<p style=\"text-align: center;\">Parlons de vos projets<\/p>\n[\/vc_column_text][vc_btn title=\u00a0\u00bbCONTACTEZ-NOUS\u00a0\u00bb style=\u00a0\u00bbflat\u00a0\u00bb shape=\u00a0\u00bbsquare\u00a0\u00bb align=\u00a0\u00bbcenter\u00a0\u00bb el_class=\u00a0\u00bbbtn-custom\u00a0\u00bb link=\u00a0\u00bburl:http%3A%2F%2Fdamyandpat.com%2Ffr%2Fcontact%2F|||\u00a0\u00bb][vc_single_image image=\u00a0\u00bb330&Prime; img_size=\u00a0\u00bbfull\u00a0\u00bb alignment=\u00a0\u00bbcenter\u00a0\u00bb el_class=\u00a0\u00bbfeuilles-para-bg\u00a0\u00bb][\/vc_column][\/vc_row]\n<\/div>","protected":false},"excerpt":{"rendered":"<p>[vc_row full_width=\u00a0\u00bbstretch_row_content_no_spaces\u00a0\u00bb el_class=\u00a0\u00bbabout-slider\u00a0\u00bb][vc_column][vc_single_image image=\u00a0\u00bb323&Prime; img_size=\u00a0\u00bbfull\u00a0\u00bb alignment=\u00a0\u00bbcenter\u00a0\u00bb onclick=\u00a0\u00bbcustom_link\u00a0\u00bb link=\u00a0\u00bbhttp:\/\/damyandpat.com\u00a0\u00bb el_class=\u00a0\u00bbmain-logo\u00a0\u00bb][vc_single_image image=\u00a0\u00bb324&Prime; img_size=\u00a0\u00bbfull\u00a0\u00bb alignment=\u00a0\u00bbcenter\u00a0\u00bb onclick=\u00a0\u00bbcustom_link\u00a0\u00bb el_class=\u00a0\u00bbchevron\u00a0\u00bb link=\u00a0\u00bb#all-in-one\u00a0\u00bb][\/vc_column][\/vc_row][vc_row full_width=\u00a0\u00bbstretch_row_content_no_spaces\u00a0\u00bb el_class=\u00a0\u00bbservices-right-banner\u00a0\u00bb][vc_column][vc_single_image image=\u00a0\u00bb806&Prime; img_size=\u00a0\u00bbfull\u00a0\u00bb alignment=\u00a0\u00bbright\u00a0\u00bb][\/vc_column][\/vc_row][vc_row full_width=\u00a0\u00bbstretch_row\u00a0\u00bb][vc_column][vc_row_inner el_id=\u00a0\u00bball-in-one\u00a0\u00bb el_class=\u00a0\u00bball-in-one\u00a0\u00bb][vc_column_inner][vc_column_text el_class=\u00a0\u00bbfeuille-noire\u00a0\u00bb] Services d\u2019am\u00e9nagement paysager tout-en-un [\/vc_column_text][vc_column_text el_class=\u00a0\u00bbcentered-para\u00a0\u00bb] Chez Damy &amp; Pat, notre mission est de fournir un service \u00e0 la client\u00e8le ainsi qu\u2019un service d\u2019am\u00e9nagement paysager de qualit\u00e9 sup\u00e9rieure \u00e0 nos clients. Gr\u00e2ce \u00e0 notre expertise de &#8230;<\/p>\n","protected":false},"author":2,"featured_media":0,"parent":0,"menu_order":0,"comment_status":"closed","ping_status":"closed","template":"template-blank-1.php","meta":{"_seopress_robots_primary_cat":"","_seopress_titles_title":"Services d\u2019am\u00e9nagement paysager cl\u00e9s en main | Damy & Pat","_seopress_titles_desc":"Notre mission est de fournir des services d\u2019am\u00e9nagement paysager de qualit\u00e9 sup\u00e9rieure \u00e0 nos clients. Travail efficace, d\u00e9lais rapides.","_seopress_robots_index":"","footnotes":""},"class_list":["post-303","page","type-page","status-publish","hentry","no-post-thumbnail"],"_links":{"self":[{"href":"https:\/\/damyandpat.com\/fr\/wp-json\/wp\/v2\/pages\/303","targetHints":{"allow":["GET"]}}],"collection":[{"href":"https:\/\/damyandpat.com\/fr\/wp-json\/wp\/v2\/pages"}],"about":[{"href":"https:\/\/damyandpat.com\/fr\/wp-json\/wp\/v2\/types\/page"}],"author":[{"embeddable":true,"href":"https:\/\/damyandpat.com\/fr\/wp-json\/wp\/v2\/users\/2"}],"replies":[{"embeddable":true,"href":"https:\/\/damyandpat.com\/fr\/wp-json\/wp\/v2\/comments?post=303"}],"version-history":[{"count":13,"href":"https:\/\/damyandpat.com\/fr\/wp-json\/wp\/v2\/pages\/303\/revisions"}],"predecessor-version":[{"id":1428,"href":"https:\/\/damyandpat.com\/fr\/wp-json\/wp\/v2\/pages\/303\/revisions\/1428"}],"wp:attachment":[{"href":"https:\/\/damyandpat.com\/fr\/wp-json\/wp\/v2\/media?parent=303"}],"curies":[{"name":"wp","href":"https:\/\/api.w.org\/{rel}","templated":true}]}}