{"id":301,"date":"2017-04-28T15:47:10","date_gmt":"2017-04-28T19:47:10","guid":{"rendered":"http:\/\/damyandpat.com\/fr\/?page_id=301"},"modified":"2026-04-07T08:34:14","modified_gmt":"2026-04-07T12:34:14","slug":"a-propos","status":"publish","type":"page","link":"https:\/\/damyandpat.com\/fr\/a-propos\/","title":{"rendered":"\u00c0 Propos"},"content":{"rendered":"<div class=\"wpb-content-wrapper\">[vc_row full_width=\u00a0\u00bbstretch_row_content_no_spaces\u00a0\u00bb el_class=\u00a0\u00bbabout-slider\u00a0\u00bb][vc_column]\n\t\t\t<!-- START aboutfr REVOLUTION SLIDER 6.7.23 --><p class=\"rs-p-wp-fix\"><\/p>\n\t\t\t<rs-module-wrap id=\"rev_slider_5_1_wrapper\" data-source=\"gallery\" style=\"visibility:hidden;background:transparent;padding:0;margin:0px auto;margin-top:0;margin-bottom:0;\">\n\t\t\t\t<rs-module id=\"rev_slider_5_1\" style=\"\" data-version=\"6.7.23\">\n\t\t\t\t\t<rs-slides style=\"overflow: hidden; position: absolute;\">\n\t\t\t\t\t\t<rs-slide style=\"position: absolute;\" data-key=\"rs-5\" data-title=\"Slide\" data-anim=\"adpr:false;\" data-in=\"o:0;\" data-out=\"a:false;\">\n\t\t\t\t\t\t\t<img decoding=\"async\" src=\"\/\/damyandpat.com\/wp-content\/plugins\/revslider\/sr6\/assets\/assets\/dummy.png\" alt=\"Close-up of a person\u2019s dirt-covered hands with a silver ring, set against blurred greenery. The person, dressed in khaki pants and an orange shirt, appears ready for landscaping Montreal or hardscaping work.\" title=\"Close-up of a person\u2019s dirt-covered hands with a silver ring, set against blurred greenery. The person, dressed in khaki pants and an orange shirt, appears ready for landscaping Montreal or hardscaping work.\" width=\"2000\" height=\"694\" class=\"rev-slidebg tp-rs-img rs-lazyload\" data-lazyload=\"\/\/damyandpat.com\/wp-content\/uploads\/2017\/04\/slide-about.jpg\" data-no-retina>\n<!--\n\t\t\t\t\t\t\t--><rs-layer\n\t\t\t\t\t\t\t\tid=\"slider-5-slide-5-layer-1\" \n\t\t\t\t\t\t\t\tclass=\"slider-title\"\n\t\t\t\t\t\t\t\tdata-type=\"text\"\n\t\t\t\t\t\t\t\tdata-color=\"rgba(255,255,255,1)\"\n\t\t\t\t\t\t\t\tdata-rsp_ch=\"on\"\n\t\t\t\t\t\t\t\tdata-xy=\"x:c;y:m;yo:-1px;\"\n\t\t\t\t\t\t\t\tdata-text=\"s:40;l:22;fw:600;a:center;\"\n\t\t\t\t\t\t\t\tdata-frame_0=\"y:-50px;\"\n\t\t\t\t\t\t\t\tdata-frame_1=\"e:power2.inOut;st:500;sp:500;\"\n\t\t\t\t\t\t\t\tdata-frame_999=\"e:nothing;st:w;\"\n\t\t\t\t\t\t\t\tstyle=\"z-index:5;font-family:'Hind';text-transform:uppercase;\"\n\t\t\t\t\t\t\t>d\u00e9di\u00e9 \u00e0 la qualit\u00e9 depuis plus de 60 ans \n\t\t\t\t\t\t\t<\/rs-layer><!--\n\n\t\t\t\t\t\t\t--><rs-layer\n\t\t\t\t\t\t\t\tid=\"slider-5-slide-5-layer-2\" \n\t\t\t\t\t\t\t\tclass=\"slider-soustitre\"\n\t\t\t\t\t\t\t\tdata-type=\"text\"\n\t\t\t\t\t\t\t\tdata-color=\"rgba(255,255,255,1)\"\n\t\t\t\t\t\t\t\tdata-rsp_ch=\"on\"\n\t\t\t\t\t\t\t\tdata-xy=\"x:c;y:m;yo:30px;\"\n\t\t\t\t\t\t\t\tdata-text=\"l:22;\"\n\t\t\t\t\t\t\t\tdata-frame_0=\"y:50px;\"\n\t\t\t\t\t\t\t\tdata-frame_1=\"e:power2.inOut;st:500;sp:500;\"\n\t\t\t\t\t\t\t\tdata-frame_999=\"e:nothing;st:w;\"\n\t\t\t\t\t\t\t\tstyle=\"z-index:6;font-family:'Open Sans';\"\n\t\t\t\t\t\t\t>Notre travail est entreprit de mani\u00e8re efficace dans les d\u00e9lais les plus rapides \n\t\t\t\t\t\t\t<\/rs-layer><!--\n-->\t\t\t\t\t<\/rs-slide>\n\t\t\t\t\t<\/rs-slides>\n\t\t\t\t<\/rs-module>\n\t\t\t\t<script>\n\t\t\t\t\tsetREVStartSize({c: 'rev_slider_5_1',rl:[1240,1240,1240,480],el:[500,500,500,300],gw:[1440,1440,1440,480],gh:[500,500,500,300],type:'hero',justify:'',layout:'fullwidth',mh:\"0\"});if (window.RS_MODULES!==undefined && window.RS_MODULES.modules!==undefined && window.RS_MODULES.modules[\"revslider51\"]!==undefined) {window.RS_MODULES.modules[\"revslider51\"].once = false;window.revapi5 = undefined;if (window.RS_MODULES.checkMinimal!==undefined) window.RS_MODULES.checkMinimal()}\n\t\t\t\t<\/script>\n\t\t\t<\/rs-module-wrap>\n\t\t\t<!-- END REVOLUTION SLIDER -->\n[vc_single_image image=\u00a0\u00bb323&Prime; img_size=\u00a0\u00bbfull\u00a0\u00bb alignment=\u00a0\u00bbcenter\u00a0\u00bb onclick=\u00a0\u00bbcustom_link\u00a0\u00bb link=\u00a0\u00bbhttp:\/\/damyandpat.com\u00a0\u00bb el_class=\u00a0\u00bbmain-logo\u00a0\u00bb][vc_single_image image=\u00a0\u00bb324&Prime; img_size=\u00a0\u00bbfull\u00a0\u00bb alignment=\u00a0\u00bbcenter\u00a0\u00bb onclick=\u00a0\u00bbcustom_link\u00a0\u00bb el_class=\u00a0\u00bbchevron\u00a0\u00bb link=\u00a0\u00bb#d1954&Prime;][\/vc_column][\/vc_row][vc_row full_width=\u00a0\u00bbstretch_row_content_no_spaces\u00a0\u00bb css=\u00a0\u00bb.vc_custom_1494093436094{background-image: url(http:\/\/damyandpat.com\/wp-content\/uploads\/2017\/04\/bg-topo3.png?id=320) !important;background-position: center !important;background-repeat: no-repeat !important;background-size: cover !important;}\u00a0\u00bb][vc_column][vc_row_inner el_id=\u00a0\u00bbd1954&Prime;][vc_column_inner][vc_column_text el_class=\u00a0\u00bbfeuille-noire\u00a0\u00bb]\n<h2 style=\"text-align: center;\">Une compagnie familiale<\/h2>\n[\/vc_column_text][vc_column_text el_class=\u00a0\u00bbcentered-para\u00a0\u00bb]\n<p class=\"p1\" style=\"text-align: center;\"><span class=\"s1\">DAMY&amp;PAT est une entreprise d\u2019am\u00e9nagement paysager familiale d\u00e9di\u00e9e \u00e0 la qualit\u00e9 depuis plus de 70 ans.<span class=\"Apple-converted-space\">\u00a0 <\/span>Ses d\u00e9buts remontent \u00e0 1954, au moment o\u00f9 les fr\u00e8res Damiano et Pasquale Cerulli d\u00e9cident de fonder l\u2019entreprise et se forger une renomm\u00e9e suite \u00e0 leur d\u00e9part de l\u2019Italie. <\/span><span class=\"s1\">Depuis, Damy &amp; Pat a \u00e9t\u00e9 pris en charge de g\u00e9n\u00e9rations en g\u00e9n\u00e9rations. <\/span><\/p>\n[\/vc_column_text][vc_column_text el_class=\u00a0\u00bbdate\u00a0\u00bb]1954[\/vc_column_text][vc_single_image image=\u00a0\u00bb363&Prime; img_size=\u00a0\u00bb1200&#215;400&Prime; alignment=\u00a0\u00bbright\u00a0\u00bb el_class=\u00a0\u00bbpic-1954 about-para-pic\u00a0\u00bb][\/vc_column_inner][\/vc_row_inner][\/vc_column][\/vc_row][vc_row full_width=\u00a0\u00bbstretch_row_content_no_spaces\u00a0\u00bb][vc_column][vc_row_inner el_id=\u00a0\u00bbd1980&Prime;][vc_column_inner][vc_column_text el_class=\u00a0\u00bbdate-1980 date\u00a0\u00bb]\n<p style=\"text-align: right;\">1980<\/p>\n[\/vc_column_text][\/vc_column_inner][\/vc_row_inner][vc_row_inner content_placement=\u00a0\u00bbmiddle\u00a0\u00bb el_class=\u00a0\u00bbinner-date\u00a0\u00bb][vc_column_inner][vc_column_text el_class=\u00a0\u00bbfeuille-noire\u00a0\u00bb]\n<h2 style=\"text-align: left;\">UNE D\u00c9CENNIE DE CROISSANCE<\/h2>\n[\/vc_column_text][vc_column_text el_class=\u00a0\u00bbleft-para\u00a0\u00bb]\n<p class=\"p1\"><span class=\"s1\">C\u2019est dans les ann\u00e9es 1980 que Tony Cerulli (fils de Damiano Cerulli) fait ses premiers pas dans l\u2019entreprise familiale qu\u2019il fera \u00e9voluer, passant de l\u2019entretien paysager de petites r\u00e9sidences \u00e0 de grands secteurs industriels et commerciaux. <\/span><\/p>\n<p class=\"p1\"><span class=\"s1\">C\u2019est<span class=\"Apple-converted-space\">\u00a0 <\/span>en ouvrant les portes du march\u00e9<span class=\"Apple-converted-space\">\u00a0 <\/span>paysagiste vers la construction que Tony a su faire grandir DAMY&amp;PAT au sein de diff\u00e9rentes opportunit\u00e9s. <\/span><\/p>\n[\/vc_column_text][vc_single_image image=\u00a0\u00bb1265&Prime; img_size=\u00a0\u00bbfull\u00a0\u00bb el_class=\u00a0\u00bbimg-1-1980&Prime;][vc_single_image image=\u00a0\u00bb1246&Prime; img_size=\u00a0\u00bbfull\u00a0\u00bb el_class=\u00a0\u00bbimg-2-1980&Prime;][\/vc_column_inner][\/vc_row_inner][\/vc_column][\/vc_row][vc_row full_width=\u00a0\u00bbstretch_row_content_no_spaces\u00a0\u00bb css=\u00a0\u00bb.vc_custom_1494093461706{background-image: url(http:\/\/damyandpat.com\/wp-content\/uploads\/2017\/04\/bg-topo3.png?id=320) !important;}\u00a0\u00bb][vc_column][vc_row_inner][vc_column_inner][vc_raw_html]JTNDZGl2JTIwY2xhc3MlM0QlMjJkYXRlLTIwMTclMjBkYXRlJTIyJTNFJTBBJTA5JTNDcCUyMGlkJTNEJTIyY3VycmVudFllYXIlMjIlM0UlM0MlMkZwJTNFJTA5JTBBJTNDJTJGZGl2JTNFJTBBJTNDc2NyaXB0JTNFJTBBJTIwJTIwJTIwJTIwJTIwJTIwJTIwJTIwJTJGJTJGJTIwSmF2YVNjcmlwdCUyMGNvZGUlMjB0byUyMGdldCUyMHRoZSUyMGN1cnJlbnQlMjB5ZWFyJTIwYW5kJTIwZGlzcGxheSUyMGl0JTBBJTIwJTIwJTIwJTIwJTIwZG9jdW1lbnQuZ2V0RWxlbWVudEJ5SWQlMjglMjJjdXJyZW50WWVhciUyMiUyOS50ZXh0Q29udGVudCUyMCUzRCUyMG5ldyUyMERhdGUlMjglMjkuZ2V0RnVsbFllYXIlMjglMjklM0IlMEElMjAlM0MlMkZzY3JpcHQlM0U=[\/vc_raw_html][\/vc_column_inner][\/vc_row_inner][vc_row_inner content_placement=\u00a0\u00bbmiddle\u00a0\u00bb el_class=\u00a0\u00bbinner-date-2017&Prime;][vc_column_inner][vc_column_text el_class=\u00a0\u00bbfeuille-noire\u00a0\u00bb]\n<h2 style=\"text-align: left;\">Une expertise solide<br \/>\net des services fiables<\/h2>\n[\/vc_column_text][vc_column_text el_class=\u00a0\u00bbleft-para\u00a0\u00bb]\n<p class=\"p1\">Afin de poursuivre les objectifs de la famille, les fils de Tony, Mathew et Nicholas Cerulli, ont rejoint l&rsquo;entreprise en 2017. Leur jeune fr\u00e8re, Michael, les a rejoint en 2023.<\/p>\n[\/vc_column_text][vc_single_image image=\u00a0\u00bb1273&Prime; img_size=\u00a0\u00bbfull\u00a0\u00bb el_class=\u00a0\u00bbimg-1-2017&Prime;][vc_single_image image=\u00a0\u00bb1197&Prime; img_size=\u00a0\u00bbfull\u00a0\u00bb el_class=\u00a0\u00bbcamion\u00a0\u00bb][\/vc_column_inner][\/vc_row_inner][\/vc_column][\/vc_row][vc_row full_width=\u00a0\u00bbstretch_row\u00a0\u00bb css=\u00a0\u00bb.vc_custom_1492012533194{padding-bottom: 5% !important;background-color: #80c14a !important;}\u00a0\u00bb el_class=\u00a0\u00bbbanner\u00a0\u00bb][vc_column][vc_column_text el_class=\u00a0\u00bbblanc\u00a0\u00bb]\n<h2 style=\"text-align: center;\">Nous r\u00e9alisons vos id\u00e9es<\/h2>\n[\/vc_column_text][vc_column_text el_class=\u00a0\u00bbblanc\u00a0\u00bb]\n<p class=\"p1\" style=\"text-align: center;\"><span class=\"s1\">Parlons de vos projets\u00a0<\/span><\/p>\n[\/vc_column_text][vc_btn title=\u00a0\u00bbCONTACTEZ-NOUS\u00a0\u00bb style=\u00a0\u00bbflat\u00a0\u00bb shape=\u00a0\u00bbsquare\u00a0\u00bb align=\u00a0\u00bbcenter\u00a0\u00bb el_class=\u00a0\u00bbbtn-custom\u00a0\u00bb link=\u00a0\u00bburl:http%3A%2F%2Fdamyandpat.com%2Ffr%2Fcontact%2F|||\u00a0\u00bb][vc_single_image image=\u00a0\u00bb330&Prime; img_size=\u00a0\u00bbfull\u00a0\u00bb alignment=\u00a0\u00bbcenter\u00a0\u00bb el_class=\u00a0\u00bbfeuilles-para-bg\u00a0\u00bb][\/vc_column][\/vc_row]\n<\/div>","protected":false},"excerpt":{"rendered":"<p>[vc_row full_width=\u00a0\u00bbstretch_row_content_no_spaces\u00a0\u00bb el_class=\u00a0\u00bbabout-slider\u00a0\u00bb][vc_column][vc_single_image image=\u00a0\u00bb323&Prime; img_size=\u00a0\u00bbfull\u00a0\u00bb alignment=\u00a0\u00bbcenter\u00a0\u00bb onclick=\u00a0\u00bbcustom_link\u00a0\u00bb link=\u00a0\u00bbhttp:\/\/damyandpat.com\u00a0\u00bb el_class=\u00a0\u00bbmain-logo\u00a0\u00bb][vc_single_image image=\u00a0\u00bb324&Prime; img_size=\u00a0\u00bbfull\u00a0\u00bb alignment=\u00a0\u00bbcenter\u00a0\u00bb onclick=\u00a0\u00bbcustom_link\u00a0\u00bb el_class=\u00a0\u00bbchevron\u00a0\u00bb link=\u00a0\u00bb#d1954&Prime;][\/vc_column][\/vc_row][vc_row full_width=\u00a0\u00bbstretch_row_content_no_spaces\u00a0\u00bb css=\u00a0\u00bb.vc_custom_1494093436094{background-image: url(http:\/\/damyandpat.com\/wp-content\/uploads\/2017\/04\/bg-topo3.png?id=320) !important;background-position: center !important;background-repeat: no-repeat !important;background-size: cover !important;}\u00a0\u00bb][vc_column][vc_row_inner el_id=\u00a0\u00bbd1954&Prime;][vc_column_inner][vc_column_text el_class=\u00a0\u00bbfeuille-noire\u00a0\u00bb] Une compagnie familiale [\/vc_column_text][vc_column_text el_class=\u00a0\u00bbcentered-para\u00a0\u00bb] DAMY&amp;PAT est une entreprise d\u2019am\u00e9nagement paysager familiale d\u00e9di\u00e9e \u00e0 la qualit\u00e9 depuis plus de 70 ans.\u00a0 Ses d\u00e9buts remontent \u00e0 1954, au moment o\u00f9 les fr\u00e8res Damiano et &#8230;<\/p>\n","protected":false},"author":2,"featured_media":0,"parent":0,"menu_order":0,"comment_status":"closed","ping_status":"closed","template":"template-blank-1.php","meta":{"_seopress_robots_primary_cat":"","_seopress_titles_title":"\u00c0 propos | Damy & Pat","_seopress_titles_desc":"Damy & Pat est une entreprise d\u2019am\u00e9nagement paysager familiale d\u00e9di\u00e9e \u00e0 la qualit\u00e9 depuis plus de 70 ans, dans la r\u00e9gion de Montr\u00e9al.\u00a0","_seopress_robots_index":"","footnotes":""},"class_list":["post-301","page","type-page","status-publish","hentry","no-post-thumbnail"],"_links":{"self":[{"href":"https:\/\/damyandpat.com\/fr\/wp-json\/wp\/v2\/pages\/301","targetHints":{"allow":["GET"]}}],"collection":[{"href":"https:\/\/damyandpat.com\/fr\/wp-json\/wp\/v2\/pages"}],"about":[{"href":"https:\/\/damyandpat.com\/fr\/wp-json\/wp\/v2\/types\/page"}],"author":[{"embeddable":true,"href":"https:\/\/damyandpat.com\/fr\/wp-json\/wp\/v2\/users\/2"}],"replies":[{"embeddable":true,"href":"https:\/\/damyandpat.com\/fr\/wp-json\/wp\/v2\/comments?post=301"}],"version-history":[{"count":28,"href":"https:\/\/damyandpat.com\/fr\/wp-json\/wp\/v2\/pages\/301\/revisions"}],"predecessor-version":[{"id":1423,"href":"https:\/\/damyandpat.com\/fr\/wp-json\/wp\/v2\/pages\/301\/revisions\/1423"}],"wp:attachment":[{"href":"https:\/\/damyandpat.com\/fr\/wp-json\/wp\/v2\/media?parent=301"}],"curies":[{"name":"wp","href":"https:\/\/api.w.org\/{rel}","templated":true}]}}