{"id":1300,"date":"2023-11-01T15:37:14","date_gmt":"2023-11-01T19:37:14","guid":{"rendered":"https:\/\/damyandpat.com\/?page_id=1300"},"modified":"2026-04-07T09:08:05","modified_gmt":"2026-04-07T13:08:05","slug":"notre-dame-de-lile-perrot","status":"publish","type":"page","link":"https:\/\/damyandpat.com\/fr\/notre-dame-de-lile-perrot\/","title":{"rendered":"Notre-Dame-de-L\u2019\u00cele-Perrot"},"content":{"rendered":"<div class=\"wpb-content-wrapper\">[vc_section el_class=\u00a0\u00bbsection-header\u00a0\u00bb][vc_row][vc_column][vc_single_image image=\u00a0\u00bb958&Prime; img_size=\u00a0\u00bbfull\u00a0\u00bb el_class=\u00a0\u00bbfeuille-geante\u00a0\u00bb][vc_raw_html]JTNDZGl2JTIwY2xhc3MlM0QlMjJsaWduZSUyMiUzRSUzQyUyRmRpdiUzRSUwQSUzQ2RpdiUyMGNsYXNzJTNEJTIyY2FycmUlMjIlM0UlM0MlMkZkaXYlM0U=[\/vc_raw_html][\/vc_column][\/vc_row][vc_row][vc_column][vc_column_text]\n<h3 style=\"text-align: center;\">Projets<\/h3>\n<h1 style=\"text-align: center;\">Notre-Dame-de-L\u2019\u00cele-Perrot<\/h1>\n<p class=\"p1\" style=\"text-align: center;\">Avec son design moderne et \u00e9pur\u00e9 et sa piscine creus\u00e9e en b\u00e9ton, cette magnifique maison de Notre-Dame-de-L&rsquo;\u00cele-Perrot a fait l&rsquo;objet d&rsquo;un am\u00e9nagement paysager soign\u00e9s par notre \u00e9quipe.<\/p>\n[\/vc_column_text][\/vc_column][\/vc_row][\/vc_section][vc_section el_class=\u00a0\u00bbsection-video\u00a0\u00bb][vc_row][vc_column width=\u00a0\u00bb1\/2&Prime;][vc_column_text]\n<h3>Notre travail<\/h3>\n<h1>VIVRE LE LUXE<\/h1>\n<p class=\"p1\">Notre \u00e9quipe a transform\u00e9 un chantier en une oasis de paix, avec un superbe mur de sout\u00e8nement \u00e0 l&rsquo;arri\u00e8re, un patio accueillant pour la piscine, de beaux escaliers et un nouveau gazon tout autour de la maison. Nous sommes tr\u00e8s fiers de ce beau projet.<\/p>\n<ul>\n<li>Mur de sout\u00e8nement<\/li>\n<li>Piscine en b\u00e9ton<\/li>\n<li>Terrasse de la piscine<\/li>\n<li>Marches d&rsquo;escalier<\/li>\n<li>Pelouse autour de la maison<\/li>\n<li>Et bien plus.<\/li>\n<\/ul>\n[\/vc_column_text][\/vc_column][vc_column width=\u00a0\u00bb1\/2&Prime;][vc_video link=\u00a0\u00bbhttps:\/\/youtu.be\/X-_3us6Boc8&Prime;][vc_raw_html]JTNDZGl2JTIwY2xhc3MlM0QlMjJib2l0ZS12ZXJ0ZSUyMiUzRSUzQyUyRmRpdiUzRQ==[\/vc_raw_html][\/vc_column][\/vc_row][\/vc_section][vc_section el_class=\u00a0\u00bbsection-photos\u00a0\u00bb][vc_row][vc_column width=\u00a0\u00bb6\/12&Prime;][vc_single_image image=\u00a0\u00bb1288&Prime; img_size=\u00a0\u00bbfull\u00a0\u00bb][\/vc_column][vc_column width=\u00a0\u00bb3\/12&Prime;][vc_single_image image=\u00a0\u00bb1294&Prime; img_size=\u00a0\u00bbfull\u00a0\u00bb][vc_single_image image=\u00a0\u00bb1298&Prime; img_size=\u00a0\u00bbfull\u00a0\u00bb][\/vc_column][vc_column width=\u00a0\u00bb3\/12&Prime;][vc_single_image image=\u00a0\u00bb1292&Prime; img_size=\u00a0\u00bbfull\u00a0\u00bb][vc_single_image image=\u00a0\u00bb1296&Prime; img_size=\u00a0\u00bbfull\u00a0\u00bb][\/vc_column][\/vc_row][vc_row][vc_column width=\u00a0\u00bb1\/2&Prime;][vc_single_image image=\u00a0\u00bb1286&Prime; img_size=\u00a0\u00bbfull\u00a0\u00bb][\/vc_column][vc_column width=\u00a0\u00bb1\/2&Prime;][vc_single_image image=\u00a0\u00bb1290&Prime; img_size=\u00a0\u00bbfull\u00a0\u00bb][\/vc_column][\/vc_row][vc_row][vc_column][vc_single_image image=\u00a0\u00bb958&Prime; img_size=\u00a0\u00bbfull\u00a0\u00bb el_class=\u00a0\u00bbfeuille-geante\u00a0\u00bb][\/vc_column][\/vc_row][\/vc_section][vc_row full_width=\u00a0\u00bbstretch_row\u00a0\u00bb css=\u00a0\u00bb.vc_custom_1492012533194{padding-bottom: 5% !important;background-color: #80c14a !important;}\u00a0\u00bb el_class=\u00a0\u00bbbanner\u00a0\u00bb][vc_column][vc_column_text el_class=\u00a0\u00bbblanc\u00a0\u00bb]\n<h2 style=\"text-align: center;\">Nous r\u00e9alisons vos id\u00e9es<\/h2>\n[\/vc_column_text][vc_column_text el_class=\u00a0\u00bbblanc\u00a0\u00bb]\n<p class=\"p1\" style=\"text-align: center;\"><span class=\"s1\">Parlons de vos projets<\/span><\/p>\n[\/vc_column_text][vc_btn title=\u00a0\u00bbCONTACTEZ-NOUS\u00a0\u00bb style=\u00a0\u00bbflat\u00a0\u00bb shape=\u00a0\u00bbsquare\u00a0\u00bb align=\u00a0\u00bbcenter\u00a0\u00bb el_class=\u00a0\u00bbbtn-custom\u00a0\u00bb link=\u00a0\u00bburl:http%3A%2F%2Fdamyandpat.com%2Ffr%2Fcontact%2F\u00a0\u00bb][vc_single_image image=\u00a0\u00bb330&Prime; img_size=\u00a0\u00bbfull\u00a0\u00bb alignment=\u00a0\u00bbcenter\u00a0\u00bb el_class=\u00a0\u00bbfeuilles-para-bg\u00a0\u00bb][\/vc_column][\/vc_row]\n<\/div>","protected":false},"excerpt":{"rendered":"<p>[vc_section el_class=\u00a0\u00bbsection-header\u00a0\u00bb][vc_row][vc_column][vc_single_image image=\u00a0\u00bb958&Prime; img_size=\u00a0\u00bbfull\u00a0\u00bb el_class=\u00a0\u00bbfeuille-geante\u00a0\u00bb][vc_raw_html]JTNDZGl2JTIwY2xhc3MlM0QlMjJsaWduZSUyMiUzRSUzQyUyRmRpdiUzRSUwQSUzQ2RpdiUyMGNsYXNzJTNEJTIyY2FycmUlMjIlM0UlM0MlMkZkaXYlM0U=[\/vc_raw_html][\/vc_column][\/vc_row][vc_row][vc_column][vc_column_text] Projets Notre-Dame-de-L\u2019\u00cele-Perrot Avec son design moderne et \u00e9pur\u00e9 et sa piscine creus\u00e9e en b\u00e9ton, cette magnifique maison de Notre-Dame-de-L&rsquo;\u00cele-Perrot a fait l&rsquo;objet d&rsquo;un am\u00e9nagement paysager soign\u00e9s par notre \u00e9quipe. [\/vc_column_text][\/vc_column][\/vc_row][\/vc_section][vc_section el_class=\u00a0\u00bbsection-video\u00a0\u00bb][vc_row][vc_column width=\u00a0\u00bb1\/2&Prime;][vc_column_text] Notre travail VIVRE LE LUXE Notre \u00e9quipe a transform\u00e9 un chantier en une oasis de paix, avec un superbe mur de sout\u00e8nement \u00e0 &#8230;<\/p>\n","protected":false},"author":2,"featured_media":0,"parent":0,"menu_order":0,"comment_status":"closed","ping_status":"closed","template":"template-blank-1.php","meta":{"_seopress_robots_primary_cat":"","_seopress_titles_title":"R\u00e9alisation | Notre-Dame-de-l'\u00cele-Perrot\u00a0| Damy & Pat","_seopress_titles_desc":"Transformation d'un chantier en une oasis de paix, avec un mur de sout\u00e8nement, un patio accueillant pour la piscine, des escaliers et un nouveau gazon.","_seopress_robots_index":"","footnotes":""},"class_list":["post-1300","page","type-page","status-publish","hentry","no-post-thumbnail"],"_links":{"self":[{"href":"https:\/\/damyandpat.com\/fr\/wp-json\/wp\/v2\/pages\/1300","targetHints":{"allow":["GET"]}}],"collection":[{"href":"https:\/\/damyandpat.com\/fr\/wp-json\/wp\/v2\/pages"}],"about":[{"href":"https:\/\/damyandpat.com\/fr\/wp-json\/wp\/v2\/types\/page"}],"author":[{"embeddable":true,"href":"https:\/\/damyandpat.com\/fr\/wp-json\/wp\/v2\/users\/2"}],"replies":[{"embeddable":true,"href":"https:\/\/damyandpat.com\/fr\/wp-json\/wp\/v2\/comments?post=1300"}],"version-history":[{"count":3,"href":"https:\/\/damyandpat.com\/fr\/wp-json\/wp\/v2\/pages\/1300\/revisions"}],"predecessor-version":[{"id":1433,"href":"https:\/\/damyandpat.com\/fr\/wp-json\/wp\/v2\/pages\/1300\/revisions\/1433"}],"wp:attachment":[{"href":"https:\/\/damyandpat.com\/fr\/wp-json\/wp\/v2\/media?parent=1300"}],"curies":[{"name":"wp","href":"https:\/\/api.w.org\/{rel}","templated":true}]}}