{"id":885,"date":"2021-04-08T11:58:42","date_gmt":"2021-04-08T15:58:42","guid":{"rendered":"https:\/\/damyandpat.com\/fr\/?page_id=885"},"modified":"2026-04-07T08:49:02","modified_gmt":"2026-04-07T12:49:02","slug":"piscines","status":"publish","type":"page","link":"http:\/\/damyandpat.com\/fr\/piscines\/","title":{"rendered":"Piscines"},"content":{"rendered":"<div class=\"wpb-content-wrapper\">[vc_row full_width=\u00a0\u00bbstretch_row_content_no_spaces\u00a0\u00bb el_class=\u00a0\u00bbabout-slider\u00a0\u00bb][vc_column]\n\t\t\t<!-- START pools FR REVOLUTION SLIDER 6.7.23 --><p class=\"rs-p-wp-fix\"><\/p>\n\t\t\t<rs-module-wrap id=\"rev_slider_11_1_wrapper\" data-source=\"gallery\" style=\"visibility:hidden;background:transparent;padding:0;margin:0px auto;margin-top:0;margin-bottom:0;\">\n\t\t\t\t<rs-module id=\"rev_slider_11_1\" style=\"\" data-version=\"6.7.23\">\n\t\t\t\t\t<rs-slides style=\"overflow: hidden; position: absolute;\">\n\t\t\t\t\t\t<rs-slide style=\"position: absolute;\" data-key=\"rs-13\" data-title=\"Slide\" data-anim=\"adpr:false;\" data-in=\"o:0;\" data-out=\"a:false;\">\n\t\t\t\t\t\t\t<img decoding=\"async\" src=\"\/\/damyandpat.com\/wp-content\/plugins\/revslider\/sr6\/assets\/assets\/dummy.png\" alt=\"Construction de piscines,piscine creus\u00e9e\" title=\"pool01\" width=\"1366\" height=\"538\" class=\"rev-slidebg tp-rs-img rs-lazyload\" data-lazyload=\"\/\/damyandpat.com\/wp-content\/uploads\/2021\/04\/pool01.jpg\" data-no-retina>\n<!--\n\t\t\t\t\t\t\t--><rs-layer\n\t\t\t\t\t\t\t\tid=\"slider-11-slide-13-layer-1\" \n\t\t\t\t\t\t\t\tclass=\"slider-title\"\n\t\t\t\t\t\t\t\tdata-type=\"text\"\n\t\t\t\t\t\t\t\tdata-color=\"rgba(255,255,255,1)\"\n\t\t\t\t\t\t\t\tdata-rsp_ch=\"on\"\n\t\t\t\t\t\t\t\tdata-xy=\"x:c;xo:-3px;y:m;yo:-29px;\"\n\t\t\t\t\t\t\t\tdata-text=\"s:40;l:43;fw:600;a:center;\"\n\t\t\t\t\t\t\t\tdata-frame_0=\"y:-50px;\"\n\t\t\t\t\t\t\t\tdata-frame_1=\"e:power2.inOut;st:500;sp:500;\"\n\t\t\t\t\t\t\t\tdata-frame_999=\"e:nothing;st:w;\"\n\t\t\t\t\t\t\t\tstyle=\"z-index:5;font-family:'Hind';text-transform:uppercase;\"\n\t\t\t\t\t\t\t>Am\u00e9liorez vos \u00e9t\u00e9s et <br>\ncr\u00e9er des souvenirs \u00e0 vie. \n\t\t\t\t\t\t\t<\/rs-layer><!--\n-->\t\t\t\t\t<\/rs-slide>\n\t\t\t\t\t<\/rs-slides>\n\t\t\t\t<\/rs-module>\n\t\t\t\t<script>\n\t\t\t\t\tsetREVStartSize({c: 'rev_slider_11_1',rl:[1240,1240,1240,480],el:[500,500,500,300],gw:[1440,1440,1440,480],gh:[500,500,500,300],type:'hero',justify:'',layout:'fullwidth',mh:\"0\"});if (window.RS_MODULES!==undefined && window.RS_MODULES.modules!==undefined && window.RS_MODULES.modules[\"revslider111\"]!==undefined) {window.RS_MODULES.modules[\"revslider111\"].once = false;window.revapi11 = undefined;if (window.RS_MODULES.checkMinimal!==undefined) window.RS_MODULES.checkMinimal()}\n\t\t\t\t<\/script>\n\t\t\t<\/rs-module-wrap>\n\t\t\t<!-- END REVOLUTION SLIDER -->\n[vc_single_image image=\u00a0\u00bb323&Prime; img_size=\u00a0\u00bbfull\u00a0\u00bb alignment=\u00a0\u00bbcenter\u00a0\u00bb onclick=\u00a0\u00bbcustom_link\u00a0\u00bb link=\u00a0\u00bbhttp:\/\/damyandpat.com\u00a0\u00bb el_class=\u00a0\u00bbmain-logo\u00a0\u00bb][vc_single_image image=\u00a0\u00bb324&Prime; img_size=\u00a0\u00bbfull\u00a0\u00bb alignment=\u00a0\u00bbcenter\u00a0\u00bb onclick=\u00a0\u00bbcustom_link\u00a0\u00bb el_class=\u00a0\u00bbchevron\u00a0\u00bb link=\u00a0\u00bb#all-in-one\u00a0\u00bb][\/vc_column][\/vc_row][vc_row full_width=\u00a0\u00bbstretch_row\u00a0\u00bb][vc_column]<div class='gambit_parallax_row topo-parallax' data-bg-align='' data-direction='down' data-opacity='100' data-velocity='-0.5' data-mobile-enabled='' data-bg-height='1600' data-bg-width='1600' data-bg-image='http:\/\/damyandpat.com\/wp-content\/uploads\/2017\/04\/bg-topo3.png' data-bg-repeat='false' data-id='topo-parallax' style='display: none'><\/div>[vc_row_inner el_id=\u00a0\u00bball-in-one\u00a0\u00bb el_class=\u00a0\u00bball-in-one\u00a0\u00bb css=\u00a0\u00bb.vc_custom_1617896728873{margin-top: 5% !important;}\u00a0\u00bb][vc_column_inner][vc_column_text el_class=\u00a0\u00bbfeuille-noire\u00a0\u00bb]\n<h2 style=\"text-align: center;\">Service et expertise d&rsquo;excavation<br \/>\net de construction de piscines<\/h2>\n[\/vc_column_text][vc_column_text el_class=\u00a0\u00bbcentered-para\u00a0\u00bb]\n<p style=\"text-align: center;\">Nos piscines sont faites de b\u00e9ton projet\u00e9 qui offre un <strong>choix infini de formes, de tailles et de designs<\/strong>. Pas de pr\u00e9fabriqu\u00e9.<\/p>\n[\/vc_column_text][\/vc_column_inner][\/vc_row_inner][vc_row_inner el_class=\u00a0\u00bball-in-one\u00a0\u00bb css=\u00a0\u00bb.vc_custom_1617896739808{margin-top: 0px !important;}\u00a0\u00bb][vc_column_inner][vc_column_text el_class=\u00a0\u00bbcustomizable\u00a0\u00bb]\n<ul>\n<li>Sur mesure<\/li>\n<li>Durable<\/li>\n<li>Beau<\/li>\n<\/ul>\n[\/vc_column_text][vc_single_image image=\u00a0\u00bb1118&Prime; img_size=\u00a0\u00bbfull\u00a0\u00bb el_class=\u00a0\u00bbcustomizable-pic\u00a0\u00bb][\/vc_column_inner][\/vc_row_inner][vc_row_inner el_class=\u00a0\u00bbservices-container section-inground\u00a0\u00bb el_id=\u00a0\u00bblandscaping\u00a0\u00bb][vc_column_inner el_class=\u00a0\u00bbtitle-part\u00a0\u00bb width=\u00a0\u00bb1\/2&Prime;][vc_column_text css_animation=\u00a0\u00bbleft-to-right\u00a0\u00bb el_class=\u00a0\u00bbtitle\u00a0\u00bb]Piscines creus\u00e9es<br \/>\nen b\u00e9ton projet\u00e9<br \/>\n<span class=\"wip\">(travail en cours)<\/span>[\/vc_column_text][vc_column_text]POSSIBILIT\u00c9S INFINIES GR\u00c2CE AU B\u00c9TON<\/p>\n<p>La piscine en b\u00e9ton peut \u00eatre con\u00e7ue et personnalis\u00e9e pour s&rsquo;adapter \u00e0 n&rsquo;importe quelle taille, forme, aspect ou profondeur. Les piscines en b\u00e9ton ajoutent \u00e9galement une grande valeur \u00e0 votre propri\u00e9t\u00e9.[\/vc_column_text][vc_single_image image=\u00a0\u00bb873&Prime; img_size=\u00a0\u00bbfull\u00a0\u00bb el_class=\u00a0\u00bbpool-01&Prime;][vc_single_image image=\u00a0\u00bb1123&Prime; img_size=\u00a0\u00bbfull\u00a0\u00bb el_class=\u00a0\u00bbpool-03&Prime;][\/vc_column_inner][vc_column_inner el_class=\u00a0\u00bbdescript-part\u00a0\u00bb width=\u00a0\u00bb1\/2&Prime;][vc_single_image image=\u00a0\u00bb875&Prime; img_size=\u00a0\u00bbfull\u00a0\u00bb alignment=\u00a0\u00bbright\u00a0\u00bb el_class=\u00a0\u00bbpool-02&Prime;][vc_single_image image=\u00a0\u00bb1121&Prime; img_size=\u00a0\u00bbfull\u00a0\u00bb alignment=\u00a0\u00bbright\u00a0\u00bb el_class=\u00a0\u00bbpool-04&Prime;][\/vc_column_inner][\/vc_row_inner][vc_row_inner el_class=\u00a0\u00bbservices-container section-inground section-fini\u00a0\u00bb][vc_column_inner el_class=\u00a0\u00bbdescript-part\u00a0\u00bb width=\u00a0\u00bb1\/2&Prime;][vc_single_image image=\u00a0\u00bb1133&Prime; img_size=\u00a0\u00bbfull\u00a0\u00bb alignment=\u00a0\u00bbright\u00a0\u00bb el_class=\u00a0\u00bbpool-02&Prime;][vc_single_image image=\u00a0\u00bb1131&Prime; img_size=\u00a0\u00bbfull\u00a0\u00bb alignment=\u00a0\u00bbright\u00a0\u00bb el_class=\u00a0\u00bbpool-04&Prime;][\/vc_column_inner][vc_column_inner el_class=\u00a0\u00bbtitle-part\u00a0\u00bb width=\u00a0\u00bb1\/2&Prime;][vc_column_text css_animation=\u00a0\u00bbleft-to-right\u00a0\u00bb el_class=\u00a0\u00bbtitle\u00a0\u00bb]\n<p style=\"text-align: right;\">Piscines creus\u00e9es<br \/>\nen b\u00e9ton projet\u00e9<br \/>\n<span class=\"wip\">(produit final)<\/span><\/p>\n[\/vc_column_text][vc_column_text]\n<p style=\"text-align: right;\">DURABLE &amp; ESTH\u00c9TIQUE<\/p>\n<p style=\"text-align: right;\">Peu importe la forme ou le style souhait\u00e9, avec le b\u00e9ton projet\u00e9, les possibilit\u00e9s sont infinies. Voici quelques projets r\u00e9cents que nous avons fi\u00e8rement r\u00e9alis\u00e9s.<\/p>\n[\/vc_column_text][vc_single_image image=\u00a0\u00bb1129&Prime; img_size=\u00a0\u00bbfull\u00a0\u00bb el_class=\u00a0\u00bbpool-03&Prime;][vc_single_image image=\u00a0\u00bb1135&Prime; img_size=\u00a0\u00bbfull\u00a0\u00bb el_class=\u00a0\u00bbpool-03&Prime;][\/vc_column_inner][\/vc_row_inner][\/vc_column][\/vc_row][vc_row full_width=\u00a0\u00bbstretch_row\u00a0\u00bb css=\u00a0\u00bb.vc_custom_1492012533194{padding-bottom: 5% !important;background-color: #80c14a !important;}\u00a0\u00bb el_class=\u00a0\u00bbbanner\u00a0\u00bb][vc_column][vc_column_text el_class=\u00a0\u00bbblanc\u00a0\u00bb]\n<h2 style=\"text-align: center;\">piscines de toute forme ou taille pour r\u00e9pondre \u00e0 vos besoins<\/h2>\n[\/vc_column_text][vc_column_text el_class=\u00a0\u00bbblanc\u00a0\u00bb]\n<p class=\"p1\" style=\"text-align: center;\">Nous cr\u00e9ons des projets uniques con\u00e7us selon les besoins et les attentes de nos clients.<\/p>\n[\/vc_column_text][vc_btn title=\u00a0\u00bbOBTENEZ UNE SOUMISSION\u00a0\u00bb style=\u00a0\u00bbflat\u00a0\u00bb shape=\u00a0\u00bbsquare\u00a0\u00bb align=\u00a0\u00bbcenter\u00a0\u00bb el_class=\u00a0\u00bbbtn-custom\u00a0\u00bb link=\u00a0\u00bburl:http%3A%2F%2Fdamyandpat.com%2Ffr%2Fcontact%2F|||\u00a0\u00bb][vc_single_image image=\u00a0\u00bb330&Prime; img_size=\u00a0\u00bbfull\u00a0\u00bb alignment=\u00a0\u00bbcenter\u00a0\u00bb el_class=\u00a0\u00bbfeuilles-para-bg\u00a0\u00bb][\/vc_column][\/vc_row]\n<\/div>","protected":false},"excerpt":{"rendered":"<p>[vc_row full_width=\u00a0\u00bbstretch_row_content_no_spaces\u00a0\u00bb el_class=\u00a0\u00bbabout-slider\u00a0\u00bb][vc_column][vc_single_image image=\u00a0\u00bb323&Prime; img_size=\u00a0\u00bbfull\u00a0\u00bb alignment=\u00a0\u00bbcenter\u00a0\u00bb onclick=\u00a0\u00bbcustom_link\u00a0\u00bb link=\u00a0\u00bbhttp:\/\/damyandpat.com\u00a0\u00bb el_class=\u00a0\u00bbmain-logo\u00a0\u00bb][vc_single_image image=\u00a0\u00bb324&Prime; img_size=\u00a0\u00bbfull\u00a0\u00bb alignment=\u00a0\u00bbcenter\u00a0\u00bb onclick=\u00a0\u00bbcustom_link\u00a0\u00bb el_class=\u00a0\u00bbchevron\u00a0\u00bb link=\u00a0\u00bb#all-in-one\u00a0\u00bb][\/vc_column][\/vc_row][vc_row full_width=\u00a0\u00bbstretch_row\u00a0\u00bb][vc_column][vc_row_inner el_id=\u00a0\u00bball-in-one\u00a0\u00bb el_class=\u00a0\u00bball-in-one\u00a0\u00bb css=\u00a0\u00bb.vc_custom_1617896728873{margin-top: 5% !important;}\u00a0\u00bb][vc_column_inner][vc_column_text el_class=\u00a0\u00bbfeuille-noire\u00a0\u00bb] Service et expertise d&rsquo;excavation et de construction de piscines [\/vc_column_text][vc_column_text el_class=\u00a0\u00bbcentered-para\u00a0\u00bb] Nos piscines sont faites de b\u00e9ton projet\u00e9 qui offre un choix infini de formes, de tailles et de designs. Pas de pr\u00e9fabriqu\u00e9. [\/vc_column_text][\/vc_column_inner][\/vc_row_inner][vc_row_inner el_class=\u00a0\u00bball-in-one\u00a0\u00bb css=\u00a0\u00bb.vc_custom_1617896739808{margin-top: 0px !important;}\u00a0\u00bb][vc_column_inner][vc_column_text &#8230;<\/p>\n","protected":false},"author":2,"featured_media":0,"parent":0,"menu_order":0,"comment_status":"closed","ping_status":"closed","template":"template-blank-1.php","meta":{"_seopress_robots_primary_cat":"","_seopress_titles_title":"Construction de piscines | Damy & Pat","_seopress_titles_desc":"Service et expertise d'excavation et construction de piscines creus\u00e9es en b\u00e9ton projet\u00e9 Un choix infini de formes, de tailles et de designs. Pas de pr\u00e9fabriqu\u00e9.","_seopress_robots_index":"","footnotes":""},"class_list":["post-885","page","type-page","status-publish","hentry","no-post-thumbnail"],"_links":{"self":[{"href":"http:\/\/damyandpat.com\/fr\/wp-json\/wp\/v2\/pages\/885","targetHints":{"allow":["GET"]}}],"collection":[{"href":"http:\/\/damyandpat.com\/fr\/wp-json\/wp\/v2\/pages"}],"about":[{"href":"http:\/\/damyandpat.com\/fr\/wp-json\/wp\/v2\/types\/page"}],"author":[{"embeddable":true,"href":"http:\/\/damyandpat.com\/fr\/wp-json\/wp\/v2\/users\/2"}],"replies":[{"embeddable":true,"href":"http:\/\/damyandpat.com\/fr\/wp-json\/wp\/v2\/comments?post=885"}],"version-history":[{"count":11,"href":"http:\/\/damyandpat.com\/fr\/wp-json\/wp\/v2\/pages\/885\/revisions"}],"predecessor-version":[{"id":1427,"href":"http:\/\/damyandpat.com\/fr\/wp-json\/wp\/v2\/pages\/885\/revisions\/1427"}],"wp:attachment":[{"href":"http:\/\/damyandpat.com\/fr\/wp-json\/wp\/v2\/media?parent=885"}],"curies":[{"name":"wp","href":"https:\/\/api.w.org\/{rel}","templated":true}]}}