{"id":1304,"date":"2023-11-01T15:49:35","date_gmt":"2023-11-01T19:49:35","guid":{"rendered":"https:\/\/damyandpat.com\/?page_id=1304"},"modified":"2026-04-07T08:59:14","modified_gmt":"2026-04-07T12:59:14","slug":"hampstead","status":"publish","type":"page","link":"http:\/\/damyandpat.com\/fr\/hampstead\/","title":{"rendered":"Hampstead"},"content":{"rendered":"<div class=\"wpb-content-wrapper\">[vc_section el_class=\u00a0\u00bbsection-header\u00a0\u00bb][vc_row][vc_column][vc_single_image image=\u00a0\u00bb958&Prime; img_size=\u00a0\u00bbfull\u00a0\u00bb el_class=\u00a0\u00bbfeuille-geante\u00a0\u00bb][vc_raw_html]JTNDZGl2JTIwY2xhc3MlM0QlMjJsaWduZSUyMiUzRSUzQyUyRmRpdiUzRSUwQSUzQ2RpdiUyMGNsYXNzJTNEJTIyY2FycmUlMjIlM0UlM0MlMkZkaXYlM0U=[\/vc_raw_html][\/vc_column][\/vc_row][vc_row][vc_column][vc_column_text]\n<h3 style=\"text-align: center;\">Projets<\/h3>\n<h1 style=\"text-align: center;\">Hampstead<\/h1>\n<p class=\"p1\" style=\"text-align: center;\">Nous ne pourrions \u00eatre plus fiers de pr\u00e9senter enfin cette superbe propri\u00e9t\u00e9!\u00a0 L&rsquo;attention port\u00e9e aux d\u00e9tails est \u00e9vidente dans chaque coin, des plantes m\u00e9ticuleusement entretenue \u00e0 la superbe piscine creus\u00e9e en b\u00e9ton dans la cours arri\u00e8re.<\/p>\n[\/vc_column_text][\/vc_column][\/vc_row][\/vc_section][vc_section el_class=\u00a0\u00bbsection-video\u00a0\u00bb][vc_row][vc_column width=\u00a0\u00bb1\/2&Prime;][vc_column_text]\n<h3>Notre travail<\/h3>\n<h1>UNE TRANSFORMATION \u00c9TONNANTE<\/h1>\n<p class=\"p1\">Ce projet d&rsquo;am\u00e9nagement paysager est un v\u00e9ritable testament de ce qui peut \u00eatre accompli gr\u00e2ce \u00e0 une planification minutieuse et une ex\u00e9cution experte. Chaque \u00e9l\u00e9ment a \u00e9t\u00e9 m\u00fbrement r\u00e9fl\u00e9chi et le r\u00e9sultat final est une oasis \u00e0 couper le souffle qui ne manquera pas d&rsquo;impressionner.<\/p>\n<ul>\n<li>Piscine en b\u00e9ton<\/li>\n<li>Pav\u00e9 uni<\/li>\n<li>Balcon arri\u00e8re<\/li>\n<li>Escalier<\/li>\n<li>Entr\u00e9e de garage<\/li>\n<li>Mur de sout\u00e8nement<\/li>\n<li>Fleurs et plantes<\/li>\n<li>Et bien plus.<\/li>\n<\/ul>\n[\/vc_column_text][\/vc_column][vc_column width=\u00a0\u00bb1\/2&Prime;][vc_video link=\u00a0\u00bbhttps:\/\/youtu.be\/-YX8Bv_zlPM\u00a0\u00bb][vc_raw_html]JTNDZGl2JTIwY2xhc3MlM0QlMjJib2l0ZS12ZXJ0ZSUyMiUzRSUzQyUyRmRpdiUzRQ==[\/vc_raw_html][\/vc_column][\/vc_row][\/vc_section][vc_section el_class=\u00a0\u00bbsection-photos\u00a0\u00bb][vc_row][vc_column width=\u00a0\u00bb6\/12&Prime;][vc_single_image image=\u00a0\u00bb1310&Prime; img_size=\u00a0\u00bbfull\u00a0\u00bb][\/vc_column][vc_column width=\u00a0\u00bb3\/12&Prime;][vc_single_image image=\u00a0\u00bb1316&Prime; img_size=\u00a0\u00bbfull\u00a0\u00bb][vc_single_image image=\u00a0\u00bb1312&Prime; img_size=\u00a0\u00bbfull\u00a0\u00bb][\/vc_column][vc_column width=\u00a0\u00bb3\/12&Prime;][vc_single_image image=\u00a0\u00bb1322&Prime; img_size=\u00a0\u00bbfull\u00a0\u00bb][vc_single_image image=\u00a0\u00bb1318&Prime; img_size=\u00a0\u00bbfull\u00a0\u00bb][\/vc_column][\/vc_row][vc_row][vc_column width=\u00a0\u00bb1\/2&Prime;][vc_single_image image=\u00a0\u00bb1320&Prime; img_size=\u00a0\u00bbfull\u00a0\u00bb][\/vc_column][vc_column width=\u00a0\u00bb1\/2&Prime;][vc_single_image image=\u00a0\u00bb1325&Prime; img_size=\u00a0\u00bbfull\u00a0\u00bb][\/vc_column][\/vc_row][vc_row][vc_column][vc_single_image image=\u00a0\u00bb958&Prime; img_size=\u00a0\u00bbfull\u00a0\u00bb el_class=\u00a0\u00bbfeuille-geante\u00a0\u00bb][\/vc_column][\/vc_row][\/vc_section][vc_row full_width=\u00a0\u00bbstretch_row\u00a0\u00bb css=\u00a0\u00bb.vc_custom_1492012533194{padding-bottom: 5% !important;background-color: #80c14a !important;}\u00a0\u00bb el_class=\u00a0\u00bbbanner\u00a0\u00bb][vc_column][vc_column_text el_class=\u00a0\u00bbblanc\u00a0\u00bb]\n<h2 style=\"text-align: center;\">Nous r\u00e9alisons vos id\u00e9es<\/h2>\n[\/vc_column_text][vc_column_text el_class=\u00a0\u00bbblanc\u00a0\u00bb]\n<p class=\"p1\" style=\"text-align: center;\"><span class=\"s1\">Parlons de vos projets<\/span><\/p>\n[\/vc_column_text][vc_btn title=\u00a0\u00bbCONTACTEZ-NOUS\u00a0\u00bb style=\u00a0\u00bbflat\u00a0\u00bb shape=\u00a0\u00bbsquare\u00a0\u00bb align=\u00a0\u00bbcenter\u00a0\u00bb el_class=\u00a0\u00bbbtn-custom\u00a0\u00bb link=\u00a0\u00bburl:http%3A%2F%2Fdamyandpat.com%2Ffr%2Fcontact%2F\u00a0\u00bb][vc_single_image image=\u00a0\u00bb330&Prime; img_size=\u00a0\u00bbfull\u00a0\u00bb alignment=\u00a0\u00bbcenter\u00a0\u00bb el_class=\u00a0\u00bbfeuilles-para-bg\u00a0\u00bb][\/vc_column][\/vc_row]\n<\/div>","protected":false},"excerpt":{"rendered":"<p>[vc_section el_class=\u00a0\u00bbsection-header\u00a0\u00bb][vc_row][vc_column][vc_single_image image=\u00a0\u00bb958&Prime; img_size=\u00a0\u00bbfull\u00a0\u00bb el_class=\u00a0\u00bbfeuille-geante\u00a0\u00bb][vc_raw_html]JTNDZGl2JTIwY2xhc3MlM0QlMjJsaWduZSUyMiUzRSUzQyUyRmRpdiUzRSUwQSUzQ2RpdiUyMGNsYXNzJTNEJTIyY2FycmUlMjIlM0UlM0MlMkZkaXYlM0U=[\/vc_raw_html][\/vc_column][\/vc_row][vc_row][vc_column][vc_column_text] Projets Hampstead Nous ne pourrions \u00eatre plus fiers de pr\u00e9senter enfin cette superbe propri\u00e9t\u00e9!\u00a0 L&rsquo;attention port\u00e9e aux d\u00e9tails est \u00e9vidente dans chaque coin, des plantes m\u00e9ticuleusement entretenue \u00e0 la superbe piscine creus\u00e9e en b\u00e9ton dans la cours arri\u00e8re. [\/vc_column_text][\/vc_column][\/vc_row][\/vc_section][vc_section el_class=\u00a0\u00bbsection-video\u00a0\u00bb][vc_row][vc_column width=\u00a0\u00bb1\/2&Prime;][vc_column_text] Notre travail UNE TRANSFORMATION \u00c9TONNANTE Ce projet d&rsquo;am\u00e9nagement paysager est un v\u00e9ritable testament de &#8230;<\/p>\n","protected":false},"author":2,"featured_media":0,"parent":0,"menu_order":0,"comment_status":"closed","ping_status":"closed","template":"template-blank-1.php","meta":{"_seopress_robots_primary_cat":"","_seopress_titles_title":"Projets | Hampstead | Damy & Pat","_seopress_titles_desc":"Magnifique projet r\u00e9alis\u00e9 par Damy & Pat \u00e0 Hampstead : des plantes m\u00e9ticuleusement entretenue \u00e0 la piscine creus\u00e9e en b\u00e9ton dans la cours arri\u00e8re.","_seopress_robots_index":"","footnotes":""},"class_list":["post-1304","page","type-page","status-publish","hentry","no-post-thumbnail"],"_links":{"self":[{"href":"http:\/\/damyandpat.com\/fr\/wp-json\/wp\/v2\/pages\/1304","targetHints":{"allow":["GET"]}}],"collection":[{"href":"http:\/\/damyandpat.com\/fr\/wp-json\/wp\/v2\/pages"}],"about":[{"href":"http:\/\/damyandpat.com\/fr\/wp-json\/wp\/v2\/types\/page"}],"author":[{"embeddable":true,"href":"http:\/\/damyandpat.com\/fr\/wp-json\/wp\/v2\/users\/2"}],"replies":[{"embeddable":true,"href":"http:\/\/damyandpat.com\/fr\/wp-json\/wp\/v2\/comments?post=1304"}],"version-history":[{"count":4,"href":"http:\/\/damyandpat.com\/fr\/wp-json\/wp\/v2\/pages\/1304\/revisions"}],"predecessor-version":[{"id":1430,"href":"http:\/\/damyandpat.com\/fr\/wp-json\/wp\/v2\/pages\/1304\/revisions\/1430"}],"wp:attachment":[{"href":"http:\/\/damyandpat.com\/fr\/wp-json\/wp\/v2\/media?parent=1304"}],"curies":[{"name":"wp","href":"https:\/\/api.w.org\/{rel}","templated":true}]}}