{"id":1084,"date":"2021-10-23T09:21:20","date_gmt":"2021-10-23T13:21:20","guid":{"rendered":"https:\/\/damyandpat.com\/fr\/?page_id=1084"},"modified":"2026-04-07T08:39:24","modified_gmt":"2026-04-07T12:39:24","slug":"baie-durfee","status":"publish","type":"page","link":"http:\/\/damyandpat.com\/fr\/baie-durfee\/","title":{"rendered":"Baie d&rsquo;urf\u00e9e"},"content":{"rendered":"<div class=\"wpb-content-wrapper\">[vc_section el_class=\u00a0\u00bbsection-header\u00a0\u00bb][vc_row][vc_column][vc_single_image image=\u00a0\u00bb958&Prime; img_size=\u00a0\u00bbfull\u00a0\u00bb el_class=\u00a0\u00bbfeuille-geante\u00a0\u00bb][vc_raw_html]JTNDZGl2JTIwY2xhc3MlM0QlMjJsaWduZSUyMiUzRSUzQyUyRmRpdiUzRSUwQSUzQ2RpdiUyMGNsYXNzJTNEJTIyY2FycmUlMjIlM0UlM0MlMkZkaXYlM0U=[\/vc_raw_html][\/vc_column][\/vc_row][vc_row][vc_column][vc_column_text]\n<h3 style=\"text-align: center;\">Projets<\/h3>\n<h1 style=\"text-align: center;\">baie d&rsquo;urf\u00e9e<\/h1>\n<p class=\"p1\" style=\"text-align: center;\">Voici un autre beau projet complet de transformation d&rsquo;am\u00e9nagement paysager sign\u00e9 Damy &amp; Pat. Outre la magnifique piscine, nous adorons le coin lounge avec foyer, l&rsquo;am\u00e9nagement parfait pour des soir\u00e9es r\u00e9ussies!<\/p>\n[\/vc_column_text][\/vc_column][\/vc_row][\/vc_section][vc_section el_class=\u00a0\u00bbsection-video\u00a0\u00bb][vc_row][vc_column width=\u00a0\u00bb1\/2&Prime;][vc_column_text]\n<h3>Notre travail<\/h3>\n<h1>\u00c9l\u00e9gance &amp; modernit\u00e9<\/h1>\n<p class=\"p1\">Piscine creus\u00e9e \u00e0 paliers, pav\u00e9 uni avec roche d&rsquo;eau, coin lounge avec foyer, cette cours arri\u00e8re est un r\u00eave devenu r\u00e9alit\u00e9.<\/p>\n<ul>\n<li>Design<\/li>\n<li>Piscine<\/li>\n<li>Construction<\/li>\n<li>Plantes et fleurs<\/li>\n<li>Pav\u00e9 uni<\/li>\n<li>Et bien plus.<\/li>\n<\/ul>\n[\/vc_column_text][\/vc_column][vc_column width=\u00a0\u00bb1\/2&Prime;][vc_video link=\u00a0\u00bbhttps:\/\/youtu.be\/g6BnZJav41g\u00a0\u00bb][vc_raw_html]JTNDZGl2JTIwY2xhc3MlM0QlMjJib2l0ZS12ZXJ0ZSUyMiUzRSUzQyUyRmRpdiUzRQ==[\/vc_raw_html][\/vc_column][\/vc_row][\/vc_section][vc_section el_class=\u00a0\u00bbsection-photos\u00a0\u00bb][vc_row][vc_column width=\u00a0\u00bb6\/12&Prime;][vc_single_image image=\u00a0\u00bb1077&Prime; img_size=\u00a0\u00bbfull\u00a0\u00bb][\/vc_column][vc_column width=\u00a0\u00bb3\/12&Prime;][vc_single_image image=\u00a0\u00bb1073&Prime; img_size=\u00a0\u00bbfull\u00a0\u00bb][vc_single_image image=\u00a0\u00bb1079&Prime; img_size=\u00a0\u00bbfull\u00a0\u00bb][\/vc_column][vc_column width=\u00a0\u00bb3\/12&Prime;][vc_single_image image=\u00a0\u00bb1081&Prime; img_size=\u00a0\u00bbfull\u00a0\u00bb][vc_single_image image=\u00a0\u00bb1075&Prime; img_size=\u00a0\u00bbfull\u00a0\u00bb][\/vc_column][\/vc_row][vc_row][vc_column width=\u00a0\u00bb1\/2&Prime;][vc_single_image image=\u00a0\u00bb1071&Prime; img_size=\u00a0\u00bbfull\u00a0\u00bb][\/vc_column][vc_column width=\u00a0\u00bb1\/2&Prime;][vc_single_image image=\u00a0\u00bb1069&Prime; img_size=\u00a0\u00bbfull\u00a0\u00bb][\/vc_column][\/vc_row][vc_row][vc_column][vc_single_image image=\u00a0\u00bb958&Prime; img_size=\u00a0\u00bbfull\u00a0\u00bb el_class=\u00a0\u00bbfeuille-geante\u00a0\u00bb][\/vc_column][\/vc_row][\/vc_section][vc_row full_width=\u00a0\u00bbstretch_row\u00a0\u00bb css=\u00a0\u00bb.vc_custom_1492012533194{padding-bottom: 5% !important;background-color: #80c14a !important;}\u00a0\u00bb el_class=\u00a0\u00bbbanner\u00a0\u00bb][vc_column][vc_column_text el_class=\u00a0\u00bbblanc\u00a0\u00bb]\n<h2 style=\"text-align: center;\">Nous r\u00e9alisons vos id\u00e9es<\/h2>\n[\/vc_column_text][vc_column_text el_class=\u00a0\u00bbblanc\u00a0\u00bb]\n<p class=\"p1\" style=\"text-align: center;\"><span class=\"s1\">Parlons de vos projets<\/span><\/p>\n[\/vc_column_text][vc_btn title=\u00a0\u00bbCONTACTEZ-NOUS\u00a0\u00bb style=\u00a0\u00bbflat\u00a0\u00bb shape=\u00a0\u00bbsquare\u00a0\u00bb align=\u00a0\u00bbcenter\u00a0\u00bb el_class=\u00a0\u00bbbtn-custom\u00a0\u00bb link=\u00a0\u00bburl:https%3A%2F%2Fdamyandpat.com%2Ffr%2Fcontact%2F|title:Contact\u00a0\u00bb][vc_single_image image=\u00a0\u00bb330&Prime; img_size=\u00a0\u00bbfull\u00a0\u00bb alignment=\u00a0\u00bbcenter\u00a0\u00bb el_class=\u00a0\u00bbfeuilles-para-bg\u00a0\u00bb][\/vc_column][\/vc_row]\n<\/div>","protected":false},"excerpt":{"rendered":"<p>[vc_section el_class=\u00a0\u00bbsection-header\u00a0\u00bb][vc_row][vc_column][vc_single_image image=\u00a0\u00bb958&Prime; img_size=\u00a0\u00bbfull\u00a0\u00bb el_class=\u00a0\u00bbfeuille-geante\u00a0\u00bb][vc_raw_html]JTNDZGl2JTIwY2xhc3MlM0QlMjJsaWduZSUyMiUzRSUzQyUyRmRpdiUzRSUwQSUzQ2RpdiUyMGNsYXNzJTNEJTIyY2FycmUlMjIlM0UlM0MlMkZkaXYlM0U=[\/vc_raw_html][\/vc_column][\/vc_row][vc_row][vc_column][vc_column_text] Projets baie d&rsquo;urf\u00e9e Voici un autre beau projet complet de transformation d&rsquo;am\u00e9nagement paysager sign\u00e9 Damy &amp; Pat. Outre la magnifique piscine, nous adorons le coin lounge avec foyer, l&rsquo;am\u00e9nagement parfait pour des soir\u00e9es r\u00e9ussies! [\/vc_column_text][\/vc_column][\/vc_row][\/vc_section][vc_section el_class=\u00a0\u00bbsection-video\u00a0\u00bb][vc_row][vc_column width=\u00a0\u00bb1\/2&Prime;][vc_column_text] Notre travail \u00c9l\u00e9gance &amp; modernit\u00e9 Piscine creus\u00e9e \u00e0 paliers, pav\u00e9 uni avec roche d&rsquo;eau, coin lounge avec foyer, &#8230;<\/p>\n","protected":false},"author":2,"featured_media":0,"parent":0,"menu_order":0,"comment_status":"closed","ping_status":"closed","template":"template-blank-1.php","meta":{"_seopress_robots_primary_cat":"","_seopress_titles_title":"Nos r\u00e9alisations | Baie d'Urf\u00e9e | Damy & Pat","_seopress_titles_desc":"Projet d'am\u00e9nagement paysager compl\u00e9t\u00e9 par Damy & Pat \u00e0 Baie d'Urf\u00e9e : piscine creus\u00e9e \u00e0 palier, pav\u00e9 uni, coin foyer.","_seopress_robots_index":"","footnotes":""},"class_list":["post-1084","page","type-page","status-publish","hentry","no-post-thumbnail"],"_links":{"self":[{"href":"http:\/\/damyandpat.com\/fr\/wp-json\/wp\/v2\/pages\/1084","targetHints":{"allow":["GET"]}}],"collection":[{"href":"http:\/\/damyandpat.com\/fr\/wp-json\/wp\/v2\/pages"}],"about":[{"href":"http:\/\/damyandpat.com\/fr\/wp-json\/wp\/v2\/types\/page"}],"author":[{"embeddable":true,"href":"http:\/\/damyandpat.com\/fr\/wp-json\/wp\/v2\/users\/2"}],"replies":[{"embeddable":true,"href":"http:\/\/damyandpat.com\/fr\/wp-json\/wp\/v2\/comments?post=1084"}],"version-history":[{"count":4,"href":"http:\/\/damyandpat.com\/fr\/wp-json\/wp\/v2\/pages\/1084\/revisions"}],"predecessor-version":[{"id":1424,"href":"http:\/\/damyandpat.com\/fr\/wp-json\/wp\/v2\/pages\/1084\/revisions\/1424"}],"wp:attachment":[{"href":"http:\/\/damyandpat.com\/fr\/wp-json\/wp\/v2\/media?parent=1084"}],"curies":[{"name":"wp","href":"https:\/\/api.w.org\/{rel}","templated":true}]}}